{"id":5,"date":"2025-01-27T12:42:11","date_gmt":"2025-01-27T12:42:11","guid":{"rendered":"https:\/\/hnzpeluqueros.es\/home\/"},"modified":"2025-01-30T11:36:46","modified_gmt":"2025-01-30T11:36:46","slug":"inicio","status":"publish","type":"page","link":"https:\/\/hnzpeluqueros.es\/","title":{"rendered":"Inicio"},"content":{"rendered":"\t\t<div data-elementor-type=\"wp-page\" data-elementor-id=\"5\" class=\"elementor elementor-5\">\n\t\t\t\t<div class=\"elementor-element elementor-element-053645e e-con-full e-flex e-con e-parent\" data-id=\"053645e\" data-element_type=\"container\" data-settings=\"{&quot;background_background&quot;:&quot;classic&quot;}\">\n\t\t<div class=\"elementor-element elementor-element-399edf6 e-con-full e-flex e-con e-child\" data-id=\"399edf6\" data-element_type=\"container\">\n\t\t\t\t<div class=\"elementor-element elementor-element-be50b38 elementor-widget elementor-widget-heading\" data-id=\"be50b38\" data-element_type=\"widget\" data-widget_type=\"heading.default\">\n\t\t\t\t<div class=\"elementor-widget-container\">\n\t\t\t\t\t<h1 class=\"elementor-heading-title elementor-size-default\">N\u00da\u00d1EZ PELUQUEROS<\/h1>\t\t\t\t<\/div>\n\t\t\t\t<\/div>\n\t\t\t\t<div class=\"elementor-element elementor-element-826a914 elementor-widget elementor-widget-text-editor\" data-id=\"826a914\" data-element_type=\"widget\" data-widget_type=\"text-editor.default\">\n\t\t\t\t<div class=\"elementor-widget-container\">\n\t\t\t\t\t\t\t\t\t<p>Inaugurada en 1977 por Fernando, Miguel y Antonio, los HNOS. NU\u00d1EZ, la esencia de nuestro sal\u00f3n se remonta a los a\u00f1os 50, donde estos tres emprendedores comenzaron a fraguar la que hoy es una de las barber\u00edas con mas historia de Huelva.\u00a0<\/p><p>En la actualidad, nuestra barberia se ha convertido en un referente, mezclando las t\u00e9cnicas antiguas con las nuevas tendencias.<\/p>\t\t\t\t\t\t\t\t<\/div>\n\t\t\t\t<\/div>\n\t\t\t\t<div class=\"elementor-element elementor-element-d9778be elementor-align-center elementor-hidden-desktop elementor-hidden-tablet elementor-widget elementor-widget-button\" data-id=\"d9778be\" data-element_type=\"widget\" data-widget_type=\"button.default\">\n\t\t\t\t<div class=\"elementor-widget-container\">\n\t\t\t\t\t\t\t\t\t<div class=\"elementor-button-wrapper\">\n\t\t\t\t\t<a class=\"elementor-button elementor-button-link elementor-size-sm\" href=\"https:\/\/citas.hnzpeluqueros.es\/\">\n\t\t\t\t\t\t<span class=\"elementor-button-content-wrapper\">\n\t\t\t\t\t\t\t\t\t<span class=\"elementor-button-text\">Pide tu cita<\/span>\n\t\t\t\t\t<\/span>\n\t\t\t\t\t<\/a>\n\t\t\t\t<\/div>\n\t\t\t\t\t\t\t\t<\/div>\n\t\t\t\t<\/div>\n\t\t\t\t<\/div>\n\t\t\t\t<\/div>\n\t\t<div class=\"elementor-element elementor-element-531ce91 e-flex e-con-boxed e-con e-parent\" data-id=\"531ce91\" data-element_type=\"container\" data-settings=\"{&quot;background_background&quot;:&quot;classic&quot;}\">\n\t\t\t\t\t<div class=\"e-con-inner\">\n\t\t\t\t<div class=\"elementor-element elementor-element-fbc6d43 elementor-widget elementor-widget-text-editor\" data-id=\"fbc6d43\" data-element_type=\"widget\" data-widget_type=\"text-editor.default\">\n\t\t\t\t<div class=\"elementor-widget-container\">\n\t\t\t\t\t\t\t\t\t<p>Descarga nuestras aplicaciones en tu m\u00f3vil<\/p>\t\t\t\t\t\t\t\t<\/div>\n\t\t\t\t<\/div>\n\t\t<div class=\"elementor-element elementor-element-86c1b1a e-grid e-con-full e-con e-child\" data-id=\"86c1b1a\" data-element_type=\"container\">\n\t\t\t\t<div class=\"elementor-element elementor-element-97c9c51 elementor-widget elementor-widget-image\" data-id=\"97c9c51\" data-element_type=\"widget\" data-widget_type=\"image.default\">\n\t\t\t\t<div class=\"elementor-widget-container\">\n\t\t\t\t\t\t\t\t\t\t\t\t\t\t\t\t<a href=\"https:\/\/apps.apple.com\/uy\/app\/hnz-nu%C3%B1ez-peluquer%C3%ADa-masculina\/id6670787357?platform=iphone%20\">\n\t\t\t\t\t\t\t<img decoding=\"async\" width=\"150\" height=\"49\" src=\"https:\/\/hnzpeluqueros.es\/wp-content\/uploads\/2025\/01\/apps.png\" class=\"attachment-thumbnail size-thumbnail wp-image-2158\" alt=\"\" \/>\t\t\t\t\t\t\t\t<\/a>\n\t\t\t\t\t\t\t\t\t\t\t\t\t\t\t<\/div>\n\t\t\t\t<\/div>\n\t\t\t\t<div class=\"elementor-element elementor-element-96132bf elementor-widget elementor-widget-image\" data-id=\"96132bf\" data-element_type=\"widget\" data-widget_type=\"image.default\">\n\t\t\t\t<div class=\"elementor-widget-container\">\n\t\t\t\t\t\t\t\t\t\t\t\t\t\t\t\t<a href=\"https:\/\/play.google.com\/store\/apps\/details?id=com.infonetconsultores.hnzcross&#038;hl=es_419\">\n\t\t\t\t\t\t\t<img decoding=\"async\" width=\"150\" height=\"49\" src=\"https:\/\/hnzpeluqueros.es\/wp-content\/uploads\/2025\/01\/gplay.png\" class=\"attachment-thumbnail size-thumbnail wp-image-2159\" alt=\"\" \/>\t\t\t\t\t\t\t\t<\/a>\n\t\t\t\t\t\t\t\t\t\t\t\t\t\t\t<\/div>\n\t\t\t\t<\/div>\n\t\t\t\t<\/div>\n\t\t\t\t\t<\/div>\n\t\t\t\t<\/div>\n\t\t\t\t<\/div>\n\t\t","protected":false},"excerpt":{"rendered":"<p>N\u00da\u00d1EZ PELUQUEROS Inaugurada en 1977 por Fernando, Miguel y Antonio, los HNOS. NU\u00d1EZ, la esencia de nuestro sal\u00f3n se remonta a los a\u00f1os 50, donde estos tres emprendedores comenzaron a fraguar la que hoy es una de las barber\u00edas con mas historia de Huelva.\u00a0 En la actualidad, nuestra barberia se ha convertido en un referente, [&hellip;]<\/p>\n","protected":false},"author":1,"featured_media":0,"parent":0,"menu_order":0,"comment_status":"closed","ping_status":"closed","template":"","meta":{"site-sidebar-layout":"no-sidebar","site-content-layout":"page-builder","ast-site-content-layout":"full-width-container","site-content-style":"unboxed","site-sidebar-style":"unboxed","ast-global-header-display":"","ast-banner-title-visibility":"","ast-main-header-display":"","ast-hfb-above-header-display":"","ast-hfb-below-header-display":"","ast-hfb-mobile-header-display":"","site-post-title":"disabled","ast-breadcrumbs-content":"","ast-featured-img":"disabled","footer-sml-layout":"","theme-transparent-header-meta":"enabled","adv-header-id-meta":"","stick-header-meta":"","header-above-stick-meta":"","header-main-stick-meta":"","header-below-stick-meta":"","astra-migrate-meta-layouts":"set","ast-page-background-enabled":"default","ast-page-background-meta":{"desktop":{"background-color":"var(--ast-global-color-4)","background-image":"","background-repeat":"repeat","background-position":"center center","background-size":"auto","background-attachment":"scroll","background-type":"","background-media":"","overlay-type":"","overlay-color":"","overlay-opacity":"","overlay-gradient":""},"tablet":{"background-color":"","background-image":"","background-repeat":"repeat","background-position":"center center","background-size":"auto","background-attachment":"scroll","background-type":"","background-media":"","overlay-type":"","overlay-color":"","overlay-opacity":"","overlay-gradient":""},"mobile":{"background-color":"","background-image":"","background-repeat":"repeat","background-position":"center center","background-size":"auto","background-attachment":"scroll","background-type":"","background-media":"","overlay-type":"","overlay-color":"","overlay-opacity":"","overlay-gradient":""}},"ast-content-background-meta":{"desktop":{"background-color":"var(--ast-global-color-5)","background-image":"","background-repeat":"repeat","background-position":"center center","background-size":"auto","background-attachment":"scroll","background-type":"","background-media":"","overlay-type":"","overlay-color":"","overlay-opacity":"","overlay-gradient":""},"tablet":{"background-color":"var(--ast-global-color-5)","background-image":"","background-repeat":"repeat","background-position":"center center","background-size":"auto","background-attachment":"scroll","background-type":"","background-media":"","overlay-type":"","overlay-color":"","overlay-opacity":"","overlay-gradient":""},"mobile":{"background-color":"var(--ast-global-color-5)","background-image":"","background-repeat":"repeat","background-position":"center center","background-size":"auto","background-attachment":"scroll","background-type":"","background-media":"","overlay-type":"","overlay-color":"","overlay-opacity":"","overlay-gradient":""}},"footnotes":""},"class_list":["post-5","page","type-page","status-publish","hentry"],"yoast_head":"<!-- This site is optimized with the Yoast SEO plugin v24.3 - https:\/\/yoast.com\/wordpress\/plugins\/seo\/ -->\r\n<title>HNZ Peluquer\u00eda Hermanos Nu\u00f1ez | Barber\u00eda de calidad en Huelva capital desde 1977<\/title>\r\n<meta name=\"description\" content=\"Peluquer\u00eda de referencia en Huelva especialistas en barber\u00eda. Conoce todos nuestros servicios y pide tu cita online.\" \/>\r\n<meta name=\"robots\" content=\"index, follow, max-snippet:-1, max-image-preview:large, max-video-preview:-1\" \/>\r\n<link rel=\"canonical\" href=\"https:\/\/hnzpeluqueros.es\/\" \/>\r\n<meta property=\"og:locale\" content=\"es_ES\" \/>\r\n<meta property=\"og:type\" content=\"article\" \/>\r\n<meta property=\"og:title\" content=\"HNZ Peluquer\u00eda Hermanos Nu\u00f1ez | Barber\u00eda de calidad en Huelva capital desde 1977\" \/>\r\n<meta property=\"og:description\" content=\"Peluquer\u00eda de referencia en Huelva especialistas en barber\u00eda. Conoce todos nuestros servicios y pide tu cita online.\" \/>\r\n<meta property=\"og:url\" content=\"https:\/\/hnzpeluqueros.es\/\" \/>\r\n<meta property=\"og:site_name\" content=\"HNZ Peluquer\u00eda Hermanos Nu\u00f1ez\" \/>\r\n<meta property=\"article:modified_time\" content=\"2025-01-30T11:36:46+00:00\" \/>\r\n<meta property=\"og:image\" content=\"https:\/\/hnzpeluqueros.es\/wp-content\/uploads\/2025\/01\/apps.png\" \/>\r\n\t<meta property=\"og:image:width\" content=\"1366\" \/>\r\n\t<meta property=\"og:image:height\" content=\"446\" \/>\r\n\t<meta property=\"og:image:type\" content=\"image\/png\" \/>\r\n<meta name=\"twitter:card\" content=\"summary_large_image\" \/>\r\n<meta name=\"twitter:label1\" content=\"Tiempo de lectura\" \/>\n\t<meta name=\"twitter:data1\" content=\"1 minuto\" \/>\r\n<script type=\"application\/ld+json\" class=\"yoast-schema-graph\">{\"@context\":\"https:\/\/schema.org\",\"@graph\":[{\"@type\":\"WebPage\",\"@id\":\"https:\/\/hnzpeluqueros.es\/\",\"url\":\"https:\/\/hnzpeluqueros.es\/\",\"name\":\"HNZ Peluquer\u00eda Hermanos Nu\u00f1ez | Barber\u00eda de calidad en Huelva capital desde 1977\",\"isPartOf\":{\"@id\":\"https:\/\/hnzpeluqueros.es\/#website\"},\"primaryImageOfPage\":{\"@id\":\"https:\/\/hnzpeluqueros.es\/#primaryimage\"},\"image\":{\"@id\":\"https:\/\/hnzpeluqueros.es\/#primaryimage\"},\"thumbnailUrl\":\"https:\/\/hnzpeluqueros.es\/wp-content\/uploads\/2025\/01\/apps.png\",\"datePublished\":\"2025-01-27T12:42:11+00:00\",\"dateModified\":\"2025-01-30T11:36:46+00:00\",\"description\":\"Peluquer\u00eda de referencia en Huelva especialistas en barber\u00eda. Conoce todos nuestros servicios y pide tu cita online.\",\"breadcrumb\":{\"@id\":\"https:\/\/hnzpeluqueros.es\/#breadcrumb\"},\"inLanguage\":\"es\",\"potentialAction\":[{\"@type\":\"ReadAction\",\"target\":[\"https:\/\/hnzpeluqueros.es\/\"]}]},{\"@type\":\"ImageObject\",\"inLanguage\":\"es\",\"@id\":\"https:\/\/hnzpeluqueros.es\/#primaryimage\",\"url\":\"https:\/\/hnzpeluqueros.es\/wp-content\/uploads\/2025\/01\/apps.png\",\"contentUrl\":\"https:\/\/hnzpeluqueros.es\/wp-content\/uploads\/2025\/01\/apps.png\",\"width\":1366,\"height\":446},{\"@type\":\"BreadcrumbList\",\"@id\":\"https:\/\/hnzpeluqueros.es\/#breadcrumb\",\"itemListElement\":[{\"@type\":\"ListItem\",\"position\":1,\"name\":\"Portada\",\"item\":\"https:\/\/hnzpeluqueros.es\/\"},{\"@type\":\"ListItem\",\"position\":2,\"name\":\"Inicio\"}]},{\"@type\":\"WebSite\",\"@id\":\"https:\/\/hnzpeluqueros.es\/#website\",\"url\":\"https:\/\/hnzpeluqueros.es\/\",\"name\":\"HNZ Peluquer\u00eda Hermanos Nu\u00f1ez\",\"description\":\"\",\"publisher\":{\"@id\":\"https:\/\/hnzpeluqueros.es\/#organization\"},\"potentialAction\":[{\"@type\":\"SearchAction\",\"target\":{\"@type\":\"EntryPoint\",\"urlTemplate\":\"https:\/\/hnzpeluqueros.es\/?s={search_term_string}\"},\"query-input\":{\"@type\":\"PropertyValueSpecification\",\"valueRequired\":true,\"valueName\":\"search_term_string\"}}],\"inLanguage\":\"es\"},{\"@type\":\"Organization\",\"@id\":\"https:\/\/hnzpeluqueros.es\/#organization\",\"name\":\"HNZ Peluquer\u00eda Hermanos Nu\u00f1ez\",\"url\":\"https:\/\/hnzpeluqueros.es\/\",\"logo\":{\"@type\":\"ImageObject\",\"inLanguage\":\"es\",\"@id\":\"https:\/\/hnzpeluqueros.es\/#\/schema\/logo\/image\/\",\"url\":\"https:\/\/hnzpeluqueros.es\/wp-content\/uploads\/2024\/11\/logohnz.png\",\"contentUrl\":\"https:\/\/hnzpeluqueros.es\/wp-content\/uploads\/2024\/11\/logohnz.png\",\"width\":3355,\"height\":3400,\"caption\":\"HNZ Peluquer\u00eda Hermanos Nu\u00f1ez\"},\"image\":{\"@id\":\"https:\/\/hnzpeluqueros.es\/#\/schema\/logo\/image\/\"}}]}<\/script>\r\n<!-- \/ Yoast SEO plugin. -->","yoast_head_json":{"title":"HNZ Peluquer\u00eda Hermanos Nu\u00f1ez | Barber\u00eda de calidad en Huelva capital desde 1977","description":"Peluquer\u00eda de referencia en Huelva especialistas en barber\u00eda. Conoce todos nuestros servicios y pide tu cita online.","robots":{"index":"index","follow":"follow","max-snippet":"max-snippet:-1","max-image-preview":"max-image-preview:large","max-video-preview":"max-video-preview:-1"},"canonical":"https:\/\/hnzpeluqueros.es\/","og_locale":"es_ES","og_type":"article","og_title":"HNZ Peluquer\u00eda Hermanos Nu\u00f1ez | Barber\u00eda de calidad en Huelva capital desde 1977","og_description":"Peluquer\u00eda de referencia en Huelva especialistas en barber\u00eda. Conoce todos nuestros servicios y pide tu cita online.","og_url":"https:\/\/hnzpeluqueros.es\/","og_site_name":"HNZ Peluquer\u00eda Hermanos Nu\u00f1ez","article_modified_time":"2025-01-30T11:36:46+00:00","og_image":[{"width":1366,"height":446,"url":"https:\/\/hnzpeluqueros.es\/wp-content\/uploads\/2025\/01\/apps.png","type":"image\/png"}],"twitter_card":"summary_large_image","twitter_misc":{"Tiempo de lectura":"1 minuto"},"schema":{"@context":"https:\/\/schema.org","@graph":[{"@type":"WebPage","@id":"https:\/\/hnzpeluqueros.es\/","url":"https:\/\/hnzpeluqueros.es\/","name":"HNZ Peluquer\u00eda Hermanos Nu\u00f1ez | Barber\u00eda de calidad en Huelva capital desde 1977","isPartOf":{"@id":"https:\/\/hnzpeluqueros.es\/#website"},"primaryImageOfPage":{"@id":"https:\/\/hnzpeluqueros.es\/#primaryimage"},"image":{"@id":"https:\/\/hnzpeluqueros.es\/#primaryimage"},"thumbnailUrl":"https:\/\/hnzpeluqueros.es\/wp-content\/uploads\/2025\/01\/apps.png","datePublished":"2025-01-27T12:42:11+00:00","dateModified":"2025-01-30T11:36:46+00:00","description":"Peluquer\u00eda de referencia en Huelva especialistas en barber\u00eda. Conoce todos nuestros servicios y pide tu cita online.","breadcrumb":{"@id":"https:\/\/hnzpeluqueros.es\/#breadcrumb"},"inLanguage":"es","potentialAction":[{"@type":"ReadAction","target":["https:\/\/hnzpeluqueros.es\/"]}]},{"@type":"ImageObject","inLanguage":"es","@id":"https:\/\/hnzpeluqueros.es\/#primaryimage","url":"https:\/\/hnzpeluqueros.es\/wp-content\/uploads\/2025\/01\/apps.png","contentUrl":"https:\/\/hnzpeluqueros.es\/wp-content\/uploads\/2025\/01\/apps.png","width":1366,"height":446},{"@type":"BreadcrumbList","@id":"https:\/\/hnzpeluqueros.es\/#breadcrumb","itemListElement":[{"@type":"ListItem","position":1,"name":"Portada","item":"https:\/\/hnzpeluqueros.es\/"},{"@type":"ListItem","position":2,"name":"Inicio"}]},{"@type":"WebSite","@id":"https:\/\/hnzpeluqueros.es\/#website","url":"https:\/\/hnzpeluqueros.es\/","name":"HNZ Peluquer\u00eda Hermanos Nu\u00f1ez","description":"","publisher":{"@id":"https:\/\/hnzpeluqueros.es\/#organization"},"potentialAction":[{"@type":"SearchAction","target":{"@type":"EntryPoint","urlTemplate":"https:\/\/hnzpeluqueros.es\/?s={search_term_string}"},"query-input":{"@type":"PropertyValueSpecification","valueRequired":true,"valueName":"search_term_string"}}],"inLanguage":"es"},{"@type":"Organization","@id":"https:\/\/hnzpeluqueros.es\/#organization","name":"HNZ Peluquer\u00eda Hermanos Nu\u00f1ez","url":"https:\/\/hnzpeluqueros.es\/","logo":{"@type":"ImageObject","inLanguage":"es","@id":"https:\/\/hnzpeluqueros.es\/#\/schema\/logo\/image\/","url":"https:\/\/hnzpeluqueros.es\/wp-content\/uploads\/2024\/11\/logohnz.png","contentUrl":"https:\/\/hnzpeluqueros.es\/wp-content\/uploads\/2024\/11\/logohnz.png","width":3355,"height":3400,"caption":"HNZ Peluquer\u00eda Hermanos Nu\u00f1ez"},"image":{"@id":"https:\/\/hnzpeluqueros.es\/#\/schema\/logo\/image\/"}}]}},"_links":{"self":[{"href":"https:\/\/hnzpeluqueros.es\/index.php?rest_route=\/wp\/v2\/pages\/5","targetHints":{"allow":["GET"]}}],"collection":[{"href":"https:\/\/hnzpeluqueros.es\/index.php?rest_route=\/wp\/v2\/pages"}],"about":[{"href":"https:\/\/hnzpeluqueros.es\/index.php?rest_route=\/wp\/v2\/types\/page"}],"author":[{"embeddable":true,"href":"https:\/\/hnzpeluqueros.es\/index.php?rest_route=\/wp\/v2\/users\/1"}],"replies":[{"embeddable":true,"href":"https:\/\/hnzpeluqueros.es\/index.php?rest_route=%2Fwp%2Fv2%2Fcomments&post=5"}],"version-history":[{"count":119,"href":"https:\/\/hnzpeluqueros.es\/index.php?rest_route=\/wp\/v2\/pages\/5\/revisions"}],"predecessor-version":[{"id":2253,"href":"https:\/\/hnzpeluqueros.es\/index.php?rest_route=\/wp\/v2\/pages\/5\/revisions\/2253"}],"wp:attachment":[{"href":"https:\/\/hnzpeluqueros.es\/index.php?rest_route=%2Fwp%2Fv2%2Fmedia&parent=5"}],"curies":[{"name":"wp","href":"https:\/\/api.w.org\/{rel}","templated":true}]}}