{"id":2152,"date":"2025-01-27T12:42:11","date_gmt":"2025-01-27T12:42:11","guid":{"rendered":"https:\/\/hnzpeluqueros.es\/?page_id=2152"},"modified":"2025-01-30T11:24:04","modified_gmt":"2025-01-30T11:24:04","slug":"privacidad","status":"publish","type":"page","link":"https:\/\/hnzpeluqueros.es\/?page_id=2152","title":{"rendered":"Pol\u00edtica de privacidad"},"content":{"rendered":"\t\t<div data-elementor-type=\"wp-page\" data-elementor-id=\"2152\" class=\"elementor elementor-2152\">\n\t\t\t\t<div class=\"elementor-element elementor-element-ad3f901 e-flex e-con-boxed e-con e-parent\" data-id=\"ad3f901\" data-element_type=\"container\" data-settings=\"{&quot;background_background&quot;:&quot;classic&quot;}\">\n\t\t\t\t\t<div class=\"e-con-inner\">\n\t\t\t\t<div class=\"elementor-element elementor-element-7d3f6f7 elementor-widget elementor-widget-heading\" data-id=\"7d3f6f7\" data-element_type=\"widget\" data-widget_type=\"heading.default\">\n\t\t\t\t<div class=\"elementor-widget-container\">\n\t\t\t\t\t<h2 class=\"elementor-heading-title elementor-size-default\">POL\u00cdTICA DE PRIVACIDAD<\/h2>\t\t\t\t<\/div>\n\t\t\t\t<\/div>\n\t\t\t\t<div class=\"elementor-element elementor-element-bdc8142 elementor-widget-divider--view-line elementor-widget elementor-widget-divider\" data-id=\"bdc8142\" data-element_type=\"widget\" data-widget_type=\"divider.default\">\n\t\t\t\t<div class=\"elementor-widget-container\">\n\t\t\t\t\t\t\t<div class=\"elementor-divider\">\n\t\t\t<span class=\"elementor-divider-separator\">\n\t\t\t\t\t\t<\/span>\n\t\t<\/div>\n\t\t\t\t\t\t<\/div>\n\t\t\t\t<\/div>\n\t\t\t\t\t<\/div>\n\t\t\t\t<\/div>\n\t\t<div class=\"elementor-element elementor-element-7e22aca e-flex e-con-boxed e-con e-parent\" data-id=\"7e22aca\" data-element_type=\"container\" data-settings=\"{&quot;background_background&quot;:&quot;classic&quot;}\">\n\t\t\t\t\t<div class=\"e-con-inner\">\n\t\t\t\t<div class=\"elementor-element elementor-element-79e1e7c elementor-widget elementor-widget-text-editor\" data-id=\"79e1e7c\" data-element_type=\"widget\" data-widget_type=\"text-editor.default\">\n\t\t\t\t<div class=\"elementor-widget-container\">\n\t\t\t\t\t\t\t\t\t<p>De conformidad con lo dispuesto en el Reglamento (UE) 2016\/679, de 27 de abril, relativo a la protecci\u00f3n de las Personas f\u00edsicas en lo que respecta al tratamiento de datos personales y a la libre circulaci\u00f3n de estos datos (en adelante, RGPD) le informamos:<\/p><p>Responsable Peluquer\u00eda Hermanos Nu\u00f1ez C.B.<\/p><p>Finalidad Gesti\u00f3n de las solicitudes de informaci\u00f3n que se realizan a trav\u00e9s de la p\u00e1gina web o el correo electr\u00f3nico con la finalidad de facilitarles la informaci\u00f3n que nos solicite sobre nuestros productos y servicios<\/p><p>Legitimaci\u00f3n Consentimiento expreso del usuario a trav\u00e9s de la selecci\u00f3n de la casilla check de env\u00edo del formulario donde verifica su consentimiento. Medidas precontractuales en el caso de solicitudes de presupuesto u otras informaciones en relaci\u00f3n a nuestros productos y servicios.<\/p><p>Destinatarios No existe ninguna cesi\u00f3n de datos prevista, salvo obligaci\u00f3n legal.<\/p><p>Derechos Podr\u00e1 ejercitar los derechos de acceso, rectificaci\u00f3n, supresi\u00f3n, oposici\u00f3n, portabilidad y retirada de consentimiento de sus datos personales en la direcci\u00f3n de correo electr\u00f3nico citas@hnzpeluqueros.es<\/p><p>Procedencia El propio interesado<\/p><p>POLITICA DE PRIVACIDAD De conformidad con lo dispuesto en el Reglamento (UE) 2016\/679, de 27 de abril, relativo a la protecci\u00f3n de las personas f\u00edsicas en lo que respecta al tratamiento de datos personales y a la libre circulaci\u00f3n de estos datos (en adelante, RGPD)<\/p><p>\u00bfQUI\u00c9N ES EL RESPONSABLE DEL TRATAMIENTO DE SUS DATOS? Denominaci\u00f3n social: Carretera Fuente de Encarro, s\/n Benifl\u00e1 CIF: B10929735 Direcci\u00f3n de correo electr\u00f3nico: citas@hnzpeluqueros.es<\/p><p>\u00bfCON QU\u00c9 FINALIDAD TRATAMOS SUS DATOS PERSONALES? Sus datos personales s\u00f3lo se utilizar\u00e1n para las siguientes finalidades: -Gesti\u00f3n de las solicitudes de informaci\u00f3n que se realizan a trav\u00e9s de la p\u00e1gina web o el correo electr\u00f3nico con la finalidad de facilitarles la informaci\u00f3n sobre nuestros productos y servicios. -Gesti\u00f3n precontractual en el caso de que nos solicite presupuesto.<\/p><p>\u00bfCU\u00c1L ES LA LEGITIMACI\u00d3N PARA EL TRATAMIENTO DE SUS DATOS PERSONALES? Consentimiento expreso del usuario a trav\u00e9s de la selecci\u00f3n de la casilla check de env\u00edo del formulario donde verifica su consentimiento. Medidas precontractuales en el caso de solicitudes de presupuesto u otras informaciones en relaci\u00f3n a nuestros productos y servicios.<\/p><p>\u00bfPOR CU\u00c1NTO TIEMPO CONSERVAR\u00c9 SUS DATOS PERSONALES? Los datos personales que nos proporciona ser\u00e1n conservados mientras se mantenga nuestra relaci\u00f3n contractual o mercantil. No obstante a partir de la fecha de la terminaci\u00f3n de nuestra relaci\u00f3n contractual o mercantil sus datos ser\u00e1n conservados: \u2013 UN A\u00d1O las derivadas de conexiones realizadas por internet con nuestro sitio web, correo electr\u00f3nico y llamadas telef\u00f3nicas de voz, mensajer\u00eda instant\u00e1nea, SMS o MMS<\/p><p>\u00bfC\u00d3MO HE OBTENIDOS SUS DATOS PERSONALES? Los datos obtenidos no los ha proporcionado usted.<\/p><p>\u00bfA QU\u00c9 DESTINATARIOS SE COMUNICAR\u00c1N SUS DATOS PERSONALES? No existe ninguna cesi\u00f3n de datos prevista, salvo obligaci\u00f3n legal.<\/p><p><br \/>\u00bfCU\u00c1LES SON SUS DERECHOS CUANDO ME FACILITA SUS DATOS PERSONALES? Cualquier interesado podr\u00e1 solicitar el ejercicio de los siguientes derechos: Derecho de acceso: El interesado tendr\u00e1 derecho a obtener confirmaci\u00f3n de si se est\u00e1n tratando o no datos personales que le conciernen. Derecho de rectificaci\u00f3n: El interesado tendr\u00e1 derecho a obtener la rectificaci\u00f3n de los datos personales inexactos que le conciernan o incompletos. Derecho de supresi\u00f3n: El interesado tendr\u00e1 derecho a obtener la supresi\u00f3n de los datos personales que le conciernan cuando los datos personales ya no sean necesarios en relaci\u00f3n con los fines para los que fueron recogidos o tratados de otro modo. Derecho de limitaci\u00f3n: Podr\u00e1 solicitar la limitaci\u00f3n del tratamiento de sus datos personales, en cuyo caso \u00fanicamente los conservar\u00eda para el ejercicio o la defensa de reclamaciones. Derecho a la portabilidad de sus datos: Por lo que puede solicitarnos que sus datos personales automatizados sean cedidos o transferidos a cualquier otra empresa que nos indique en un formato estructurado, inteligible y automatizado. Derecho de retirar el consentimiento: Usted tendr\u00e1 derecho a retirar el consentimiento en cualquier momento, sin que ello afecte a la licitud del tratamiento basado en el consentimiento antes de su retirada. Derecho de oposici\u00f3n: El interesado tendr\u00e1 derecho a oponerse al tratamiento de sus datos.<\/p><p>\u00bfC\u00d3MO PODR\u00c1 EJERCITAR ESTOS DERECHOS? Ponemos a su disposici\u00f3n si nos lo solicitan los formularios donde podr\u00e1 ejercitar estos derechos. Podr\u00e1 solicitarnos en el correo citas@hnzpeluqueros.es indic\u00e1ndonos el derecho que quiere ejercitar y le enviaremos el formulario correspondiente. El ejercicio de los derechos deber\u00e1 llevarse a cabo mediante comunicaci\u00f3n dirigida al correo electr\u00f3nico citas@hnzpeluqueros.es<\/p><p>\u00bfQUI\u00c9N PUEDE EJERCITAR LOS DERECHOS? Los derechos de los interesados son personal\u00edsimos, por lo tanto, ser\u00e1n ejercidos por el titular de los datos acreditando debidamente su identidad (para ello se le solicitar\u00e1 el DNI o equivalente). Tambi\u00e9n podr\u00e1 ejercerse a trav\u00e9s de representaci\u00f3n legal, en cuyo caso, adem\u00e1s del DNI del interesado o equivalente, habr\u00e1 de aportarse DNI y documento acreditativo aut\u00e9ntico de la representaci\u00f3n del tercero.<\/p><p>\u00bfCU\u00c1L SER\u00c1 NUESTRA OBLIGACI\u00d3N CUANDO EJERCITA ALGUNO DE LOS DERECHOS? El responsable del tratamiento deber\u00e1 contestar la solicitud que se le dirija en todo caso, con independencia de que figuren o no datos personales del afectado o interesado en sus tratamientos. En el caso de que la solicitud no re\u00fana los requisitos especificados, el responsable del fichero deber\u00e1 solicitar la subsanaci\u00f3n de los mismos. El responsable de tratamiento responder\u00e1 a las solicitudes en el plazo de un mes a partir de la recepci\u00f3n de la solicitud. Dicho plazo podr\u00e1 prorrogarse otros dos meses en caso necesario, teniendo en cuenta la complejidad y el n\u00famero de solicitudes. El responsable informar\u00e1 al interesado de cualquiera de dichas pr\u00f3rrogas en el plazo de un mes a partir de la recepci\u00f3n de la solicitud, indicando los motivos de la dilaci\u00f3n.<\/p><p>DERECHO DE RECLAMACI\u00d3N A LA AUTORIDAD DE CONTROL Usted, podr\u00e1 solicitar la tutela de derechos que no hayan sido debidamente atendidos a la Agencia Espa\u00f1ola de Protecci\u00f3n de datos. Bien a trav\u00e9s de la sede electr\u00f3nica de su portal web (www.agpd.es), o bien mediante escrito dirigido a su direcci\u00f3n postal (C\/Jorge Juan, 6, 28001-Madrid).<\/p><p>\u00bfQU\u00c9 INFORMACI\u00d3N RECOPILAMOS? En general, puede usar el Sitio Web sin facilitar ninguna informaci\u00f3n de car\u00e1cter personal. Disponemos de varias secciones en nuestra p\u00e1gina web en las cuales existen formularios de recogida de datos personales que son necesarios para poder prestarle los servicios que nos solicita. Cuando nos remite alguno de estos formularios solicit\u00e1ndonos informaci\u00f3n, el usuario garantiza la autenticidad, exactitud y veracidad de toda la informaci\u00f3n que nos facilite, comprometi\u00e9ndose a mantener actualizados los datos de car\u00e1cter personal que nos facilite de forma que los mismos respondan, en todo momento, a su situaci\u00f3n real. El Usuario ser\u00e1 el \u00fanico responsable de las manifestaciones falsas o inexactas y de los perjuicios que las mismas pudieran causar. Los datos personales que recabamos son: Nombre, email y tel\u00e9fono.<\/p><p>\u00bfQU\u00c9 MEDIDAS ADOPTAMOS PARA MANTENER SEGURA SU INFORMACI\u00d3N? Aplicamos medidas t\u00e9cnicas y f\u00edsicas razonables para proteger la informaci\u00f3n que recogemos a trav\u00e9s del Sitio Web.<\/p><p>PROTECCI\u00d3N DE DATOS EN REDES SOCIALES Utilizamos las cuentas de Facebook y twitter para informar sobre nuestras actividades e interactuar con nuestros seguidores. Al hacerte seguidor nuestro, consientes que trate los datos personales que est\u00e9n disponibles en tu perfil, exclusivamente para dicha finalidad y s\u00f3lo en el entorno de Facebook y twitter, conforme a sus pol\u00edticas de uso y privacidad. Podr\u00e1s ejercitar los derechos de acceso, rectificaci\u00f3n, supresi\u00f3n, limitaci\u00f3n, portabilidad de sus datos, retirada del consentimiento y oposici\u00f3n en la direcci\u00f3n citas@hnzpeluqueros.es. Atender\u00e9 tus solicitudes en el marco y con las limitaciones derivadas de las reglas de funcionamiento establecidas por Facebook y twitter.<\/p>\t\t\t\t\t\t\t\t<\/div>\n\t\t\t\t<\/div>\n\t\t\t\t\t<\/div>\n\t\t\t\t<\/div>\n\t\t\t\t<\/div>\n\t\t","protected":false},"excerpt":{"rendered":"<p>POL\u00cdTICA DE PRIVACIDAD De conformidad con lo dispuesto en el Reglamento (UE) 2016\/679, de 27 de abril, relativo a la protecci\u00f3n de las Personas f\u00edsicas en lo que respecta al tratamiento de datos personales y a la libre circulaci\u00f3n de estos datos (en adelante, RGPD) le informamos: Responsable Peluquer\u00eda Hermanos Nu\u00f1ez C.B. Finalidad Gesti\u00f3n de [&hellip;]<\/p>\n","protected":false},"author":1,"featured_media":0,"parent":0,"menu_order":0,"comment_status":"closed","ping_status":"closed","template":"","meta":{"site-sidebar-layout":"no-sidebar","site-content-layout":"page-builder","ast-site-content-layout":"full-width-container","site-content-style":"unboxed","site-sidebar-style":"unboxed","ast-global-header-display":"","ast-banner-title-visibility":"","ast-main-header-display":"","ast-hfb-above-header-display":"","ast-hfb-below-header-display":"","ast-hfb-mobile-header-display":"","site-post-title":"disabled","ast-breadcrumbs-content":"","ast-featured-img":"disabled","footer-sml-layout":"","theme-transparent-header-meta":"enabled","adv-header-id-meta":"","stick-header-meta":"","header-above-stick-meta":"","header-main-stick-meta":"","header-below-stick-meta":"","astra-migrate-meta-layouts":"set","ast-page-background-enabled":"default","ast-page-background-meta":{"desktop":{"background-color":"var(--ast-global-color-4)","background-image":"","background-repeat":"repeat","background-position":"center center","background-size":"auto","background-attachment":"scroll","background-type":"","background-media":"","overlay-type":"","overlay-color":"","overlay-opacity":"","overlay-gradient":""},"tablet":{"background-color":"","background-image":"","background-repeat":"repeat","background-position":"center center","background-size":"auto","background-attachment":"scroll","background-type":"","background-media":"","overlay-type":"","overlay-color":"","overlay-opacity":"","overlay-gradient":""},"mobile":{"background-color":"","background-image":"","background-repeat":"repeat","background-position":"center center","background-size":"auto","background-attachment":"scroll","background-type":"","background-media":"","overlay-type":"","overlay-color":"","overlay-opacity":"","overlay-gradient":""}},"ast-content-background-meta":{"desktop":{"background-color":"var(--ast-global-color-5)","background-image":"","background-repeat":"repeat","background-position":"center center","background-size":"auto","background-attachment":"scroll","background-type":"","background-media":"","overlay-type":"","overlay-color":"","overlay-opacity":"","overlay-gradient":""},"tablet":{"background-color":"var(--ast-global-color-5)","background-image":"","background-repeat":"repeat","background-position":"center center","background-size":"auto","background-attachment":"scroll","background-type":"","background-media":"","overlay-type":"","overlay-color":"","overlay-opacity":"","overlay-gradient":""},"mobile":{"background-color":"var(--ast-global-color-5)","background-image":"","background-repeat":"repeat","background-position":"center center","background-size":"auto","background-attachment":"scroll","background-type":"","background-media":"","overlay-type":"","overlay-color":"","overlay-opacity":"","overlay-gradient":""}},"footnotes":""},"class_list":["post-2152","page","type-page","status-publish","hentry"],"yoast_head":"<!-- This site is optimized with the Yoast SEO plugin v24.3 - https:\/\/yoast.com\/wordpress\/plugins\/seo\/ -->\r\n<title>Pol\u00edtica de privacidad - HNZ Peluquer\u00eda Hermanos Nu\u00f1ez<\/title>\r\n<meta name=\"description\" content=\"Conoce la pol\u00edtica de privacidad del sitio HNZ Peluqueros\" \/>\r\n<meta name=\"robots\" content=\"index, follow, max-snippet:-1, max-image-preview:large, max-video-preview:-1\" \/>\r\n<link rel=\"canonical\" href=\"https:\/\/hnzpeluqueros.es\/?page_id=2152\" \/>\r\n<meta property=\"og:locale\" content=\"es_ES\" \/>\r\n<meta property=\"og:type\" content=\"article\" \/>\r\n<meta property=\"og:title\" content=\"Pol\u00edtica de privacidad - HNZ Peluquer\u00eda Hermanos Nu\u00f1ez\" \/>\r\n<meta property=\"og:description\" content=\"Conoce la pol\u00edtica de privacidad del sitio HNZ Peluqueros\" \/>\r\n<meta property=\"og:url\" content=\"https:\/\/hnzpeluqueros.es\/?page_id=2152\" \/>\r\n<meta property=\"og:site_name\" content=\"HNZ Peluquer\u00eda Hermanos Nu\u00f1ez\" \/>\r\n<meta property=\"article:modified_time\" content=\"2025-01-30T11:24:04+00:00\" \/>\r\n<meta name=\"twitter:card\" content=\"summary_large_image\" \/>\r\n<meta name=\"twitter:label1\" content=\"Tiempo de lectura\" \/>\n\t<meta name=\"twitter:data1\" content=\"6 minutos\" \/>\r\n<script type=\"application\/ld+json\" class=\"yoast-schema-graph\">{\"@context\":\"https:\/\/schema.org\",\"@graph\":[{\"@type\":\"WebPage\",\"@id\":\"https:\/\/hnzpeluqueros.es\/?page_id=2152\",\"url\":\"https:\/\/hnzpeluqueros.es\/?page_id=2152\",\"name\":\"Pol\u00edtica de privacidad - HNZ Peluquer\u00eda Hermanos Nu\u00f1ez\",\"isPartOf\":{\"@id\":\"https:\/\/hnzpeluqueros.es\/#website\"},\"datePublished\":\"2025-01-27T12:42:11+00:00\",\"dateModified\":\"2025-01-30T11:24:04+00:00\",\"description\":\"Conoce la pol\u00edtica de privacidad del sitio HNZ Peluqueros\",\"breadcrumb\":{\"@id\":\"https:\/\/hnzpeluqueros.es\/?page_id=2152#breadcrumb\"},\"inLanguage\":\"es\",\"potentialAction\":[{\"@type\":\"ReadAction\",\"target\":[\"https:\/\/hnzpeluqueros.es\/?page_id=2152\"]}]},{\"@type\":\"BreadcrumbList\",\"@id\":\"https:\/\/hnzpeluqueros.es\/?page_id=2152#breadcrumb\",\"itemListElement\":[{\"@type\":\"ListItem\",\"position\":1,\"name\":\"Portada\",\"item\":\"https:\/\/hnzpeluqueros.es\/\"},{\"@type\":\"ListItem\",\"position\":2,\"name\":\"Pol\u00edtica de privacidad\"}]},{\"@type\":\"WebSite\",\"@id\":\"https:\/\/hnzpeluqueros.es\/#website\",\"url\":\"https:\/\/hnzpeluqueros.es\/\",\"name\":\"HNZ Peluquer\u00eda Hermanos Nu\u00f1ez\",\"description\":\"\",\"publisher\":{\"@id\":\"https:\/\/hnzpeluqueros.es\/#organization\"},\"potentialAction\":[{\"@type\":\"SearchAction\",\"target\":{\"@type\":\"EntryPoint\",\"urlTemplate\":\"https:\/\/hnzpeluqueros.es\/?s={search_term_string}\"},\"query-input\":{\"@type\":\"PropertyValueSpecification\",\"valueRequired\":true,\"valueName\":\"search_term_string\"}}],\"inLanguage\":\"es\"},{\"@type\":\"Organization\",\"@id\":\"https:\/\/hnzpeluqueros.es\/#organization\",\"name\":\"HNZ Peluquer\u00eda Hermanos Nu\u00f1ez\",\"url\":\"https:\/\/hnzpeluqueros.es\/\",\"logo\":{\"@type\":\"ImageObject\",\"inLanguage\":\"es\",\"@id\":\"https:\/\/hnzpeluqueros.es\/#\/schema\/logo\/image\/\",\"url\":\"https:\/\/hnzpeluqueros.es\/wp-content\/uploads\/2024\/11\/logohnz.png\",\"contentUrl\":\"https:\/\/hnzpeluqueros.es\/wp-content\/uploads\/2024\/11\/logohnz.png\",\"width\":3355,\"height\":3400,\"caption\":\"HNZ Peluquer\u00eda Hermanos Nu\u00f1ez\"},\"image\":{\"@id\":\"https:\/\/hnzpeluqueros.es\/#\/schema\/logo\/image\/\"}}]}<\/script>\r\n<!-- \/ Yoast SEO plugin. -->","yoast_head_json":{"title":"Pol\u00edtica de privacidad - HNZ Peluquer\u00eda Hermanos Nu\u00f1ez","description":"Conoce la pol\u00edtica de privacidad del sitio HNZ Peluqueros","robots":{"index":"index","follow":"follow","max-snippet":"max-snippet:-1","max-image-preview":"max-image-preview:large","max-video-preview":"max-video-preview:-1"},"canonical":"https:\/\/hnzpeluqueros.es\/?page_id=2152","og_locale":"es_ES","og_type":"article","og_title":"Pol\u00edtica de privacidad - HNZ Peluquer\u00eda Hermanos Nu\u00f1ez","og_description":"Conoce la pol\u00edtica de privacidad del sitio HNZ Peluqueros","og_url":"https:\/\/hnzpeluqueros.es\/?page_id=2152","og_site_name":"HNZ Peluquer\u00eda Hermanos Nu\u00f1ez","article_modified_time":"2025-01-30T11:24:04+00:00","twitter_card":"summary_large_image","twitter_misc":{"Tiempo de lectura":"6 minutos"},"schema":{"@context":"https:\/\/schema.org","@graph":[{"@type":"WebPage","@id":"https:\/\/hnzpeluqueros.es\/?page_id=2152","url":"https:\/\/hnzpeluqueros.es\/?page_id=2152","name":"Pol\u00edtica de privacidad - HNZ Peluquer\u00eda Hermanos Nu\u00f1ez","isPartOf":{"@id":"https:\/\/hnzpeluqueros.es\/#website"},"datePublished":"2025-01-27T12:42:11+00:00","dateModified":"2025-01-30T11:24:04+00:00","description":"Conoce la pol\u00edtica de privacidad del sitio HNZ Peluqueros","breadcrumb":{"@id":"https:\/\/hnzpeluqueros.es\/?page_id=2152#breadcrumb"},"inLanguage":"es","potentialAction":[{"@type":"ReadAction","target":["https:\/\/hnzpeluqueros.es\/?page_id=2152"]}]},{"@type":"BreadcrumbList","@id":"https:\/\/hnzpeluqueros.es\/?page_id=2152#breadcrumb","itemListElement":[{"@type":"ListItem","position":1,"name":"Portada","item":"https:\/\/hnzpeluqueros.es\/"},{"@type":"ListItem","position":2,"name":"Pol\u00edtica de privacidad"}]},{"@type":"WebSite","@id":"https:\/\/hnzpeluqueros.es\/#website","url":"https:\/\/hnzpeluqueros.es\/","name":"HNZ Peluquer\u00eda Hermanos Nu\u00f1ez","description":"","publisher":{"@id":"https:\/\/hnzpeluqueros.es\/#organization"},"potentialAction":[{"@type":"SearchAction","target":{"@type":"EntryPoint","urlTemplate":"https:\/\/hnzpeluqueros.es\/?s={search_term_string}"},"query-input":{"@type":"PropertyValueSpecification","valueRequired":true,"valueName":"search_term_string"}}],"inLanguage":"es"},{"@type":"Organization","@id":"https:\/\/hnzpeluqueros.es\/#organization","name":"HNZ Peluquer\u00eda Hermanos Nu\u00f1ez","url":"https:\/\/hnzpeluqueros.es\/","logo":{"@type":"ImageObject","inLanguage":"es","@id":"https:\/\/hnzpeluqueros.es\/#\/schema\/logo\/image\/","url":"https:\/\/hnzpeluqueros.es\/wp-content\/uploads\/2024\/11\/logohnz.png","contentUrl":"https:\/\/hnzpeluqueros.es\/wp-content\/uploads\/2024\/11\/logohnz.png","width":3355,"height":3400,"caption":"HNZ Peluquer\u00eda Hermanos Nu\u00f1ez"},"image":{"@id":"https:\/\/hnzpeluqueros.es\/#\/schema\/logo\/image\/"}}]}},"_links":{"self":[{"href":"https:\/\/hnzpeluqueros.es\/index.php?rest_route=\/wp\/v2\/pages\/2152","targetHints":{"allow":["GET"]}}],"collection":[{"href":"https:\/\/hnzpeluqueros.es\/index.php?rest_route=\/wp\/v2\/pages"}],"about":[{"href":"https:\/\/hnzpeluqueros.es\/index.php?rest_route=\/wp\/v2\/types\/page"}],"author":[{"embeddable":true,"href":"https:\/\/hnzpeluqueros.es\/index.php?rest_route=\/wp\/v2\/users\/1"}],"replies":[{"embeddable":true,"href":"https:\/\/hnzpeluqueros.es\/index.php?rest_route=%2Fwp%2Fv2%2Fcomments&post=2152"}],"version-history":[{"count":7,"href":"https:\/\/hnzpeluqueros.es\/index.php?rest_route=\/wp\/v2\/pages\/2152\/revisions"}],"predecessor-version":[{"id":2241,"href":"https:\/\/hnzpeluqueros.es\/index.php?rest_route=\/wp\/v2\/pages\/2152\/revisions\/2241"}],"wp:attachment":[{"href":"https:\/\/hnzpeluqueros.es\/index.php?rest_route=%2Fwp%2Fv2%2Fmedia&parent=2152"}],"curies":[{"name":"wp","href":"https:\/\/api.w.org\/{rel}","templated":true}]}}