{"id":2146,"date":"2025-01-27T12:42:11","date_gmt":"2025-01-27T12:42:11","guid":{"rendered":"https:\/\/hnzpeluqueros.es\/?page_id=2146"},"modified":"2025-01-30T11:23:26","modified_gmt":"2025-01-30T11:23:26","slug":"cookies","status":"publish","type":"page","link":"https:\/\/hnzpeluqueros.es\/?page_id=2146","title":{"rendered":"Pol\u00edtica de cookies"},"content":{"rendered":"\t\t<div data-elementor-type=\"wp-page\" data-elementor-id=\"2146\" class=\"elementor elementor-2146\">\n\t\t\t\t<div class=\"elementor-element elementor-element-ad3f901 e-flex e-con-boxed e-con e-parent\" data-id=\"ad3f901\" data-element_type=\"container\" data-settings=\"{&quot;background_background&quot;:&quot;classic&quot;}\">\n\t\t\t\t\t<div class=\"e-con-inner\">\n\t\t\t\t<div class=\"elementor-element elementor-element-7d3f6f7 elementor-widget elementor-widget-heading\" data-id=\"7d3f6f7\" data-element_type=\"widget\" data-widget_type=\"heading.default\">\n\t\t\t\t<div class=\"elementor-widget-container\">\n\t\t\t\t\t<h2 class=\"elementor-heading-title elementor-size-default\">POL\u00cdTICA DE COOKIES<\/h2>\t\t\t\t<\/div>\n\t\t\t\t<\/div>\n\t\t\t\t<div class=\"elementor-element elementor-element-bdc8142 elementor-widget-divider--view-line elementor-widget elementor-widget-divider\" data-id=\"bdc8142\" data-element_type=\"widget\" data-widget_type=\"divider.default\">\n\t\t\t\t<div class=\"elementor-widget-container\">\n\t\t\t\t\t\t\t<div class=\"elementor-divider\">\n\t\t\t<span class=\"elementor-divider-separator\">\n\t\t\t\t\t\t<\/span>\n\t\t<\/div>\n\t\t\t\t\t\t<\/div>\n\t\t\t\t<\/div>\n\t\t\t\t\t<\/div>\n\t\t\t\t<\/div>\n\t\t<div class=\"elementor-element elementor-element-7e22aca e-flex e-con-boxed e-con e-parent\" data-id=\"7e22aca\" data-element_type=\"container\" data-settings=\"{&quot;background_background&quot;:&quot;classic&quot;}\">\n\t\t\t\t\t<div class=\"e-con-inner\">\n\t\t\t\t<div class=\"elementor-element elementor-element-79e1e7c elementor-widget elementor-widget-text-editor\" data-id=\"79e1e7c\" data-element_type=\"widget\" data-widget_type=\"text-editor.default\">\n\t\t\t\t<div class=\"elementor-widget-container\">\n\t\t\t\t\t\t\t\t\t<p>En cumplimiento con lo dispuesto en el art\u00edculo 22.2 de la Ley 34\/2002, de 11 de julio, de Servicios de la Sociedad de la Informaci\u00f3n y de Comercio Electr\u00f3nico, el Titular te informa que este sitio Web utiliza cookies, as\u00ed como sobre su pol\u00edtica de recogida y el tratamiento que hace de las mismas.<\/p><p>Qu\u00e9 son las cookies<\/p><p>Una cookie es un fichero que se descarga en tu ordenador al entrar a determinadas p\u00e1ginas web. Las cookies permiten a una p\u00e1gina web, entre otras cosas, almacenar y recuperar informaci\u00f3n sobre tus h\u00e1bitos de navegaci\u00f3n y \u2014dependiendo de la informaci\u00f3n que contengan y de la forma en que utilices tu equipo\u2014 pueden utilizarse para identificarte.<\/p><p>Tipos de cookies utilizadas<\/p><p>El sitio <strong>Web HNZ Peluqueros<\/strong> utiliza los siguientes tipos de cookies:<\/p><p>Cookies de an\u00e1lisis: Son aquellas que, bien tratadas por el sitio Web o por terceros, permiten cuantificar el n\u00famero de usuarios y as\u00ed realizar la medici\u00f3n y an\u00e1lisis estad\u00edstico de la utilizaci\u00f3n que hacen los usuarios del sitio Web. Para ello se analiza la navegaci\u00f3n que realizas en este sitio Web con el fin de mejorarlo.<\/p><p>Cookies t\u00e9cnicas: Son aquellas tratadas por el sitio Web que permiten a los usuarios registrados navegar a trav\u00e9s del \u00e1rea restringida y a utilizar sus diferentes funciones, como por ejemplo, llevar a cabo el proceso de compra de un Producto o Servicio.<\/p><p>Algunas cookies son esenciales para el funcionamiento del sitio Web, por ejemplo, el sistema de comentarios o el buscador.<\/p><p>Cookies de personalizaci\u00f3n: Son aquellas que permiten a los usuarios acceder al Servicio con algunas caracter\u00edsticas de car\u00e1cter general predefinidas en funci\u00f3n de una serie de criterios establecidos por el usuario como, por ejemplo, el idioma o el tipo de navegador a trav\u00e9s del cual se conecta a este sitio Web.<\/p><p>Desactivar las cookies<\/p><p>Puedes aceptar, bloquear o eliminar las cookies instaladas en tu equipo mediante la configuraci\u00f3n de las opciones del navegador.<\/p><p>En los siguientes enlaces encontrar\u00e1s instrucciones para habilitar o deshabilitar las cookies en los navegadores m\u00e1s comunes.<\/p><p>Firefox http:\/\/support.mozilla.org\/es\/kb\/habilitar-y-deshabilitar-cookies-que-los-sitios-we<\/p><p>Safari http:\/\/support.apple.com\/kb\/HT1677?viewlocale=es_ES<\/p><p>Google Chrome https:\/\/support.google.com\/chrome\/answer\/95647?hl=es<\/p><p>Cookies de terceros<\/p><p>El sitio Web utiliza los servicios de Google Adsense y de Google Analytics que pueden instalar cookies que sirven para obtener estad\u00edsticas y datos publicitarios.<\/p><p>Advertencia sobre eliminar cookies<\/p><p>Puedes eliminar y bloquear las cookies de este sitio Web, pero parte del sitio no funcionar\u00e1 correctamente o su calidad puede verse afectada.<\/p><p>Contacto<\/p><p>En caso de que tengas cualquier duda acerca de esta Pol\u00edtica de Cookies o quieras realizar cualquier comentario sobre este sitio Web, puedes enviar un mensaje de correo electr\u00f3nico a la direcci\u00f3n <strong>citas@hnzpeluqueros.es<\/strong><\/p>\t\t\t\t\t\t\t\t<\/div>\n\t\t\t\t<\/div>\n\t\t\t\t\t<\/div>\n\t\t\t\t<\/div>\n\t\t\t\t<\/div>\n\t\t","protected":false},"excerpt":{"rendered":"<p>POL\u00cdTICA DE COOKIES En cumplimiento con lo dispuesto en el art\u00edculo 22.2 de la Ley 34\/2002, de 11 de julio, de Servicios de la Sociedad de la Informaci\u00f3n y de Comercio Electr\u00f3nico, el Titular te informa que este sitio Web utiliza cookies, as\u00ed como sobre su pol\u00edtica de recogida y el tratamiento que hace de [&hellip;]<\/p>\n","protected":false},"author":1,"featured_media":0,"parent":0,"menu_order":0,"comment_status":"closed","ping_status":"closed","template":"","meta":{"site-sidebar-layout":"no-sidebar","site-content-layout":"page-builder","ast-site-content-layout":"full-width-container","site-content-style":"unboxed","site-sidebar-style":"unboxed","ast-global-header-display":"","ast-banner-title-visibility":"","ast-main-header-display":"","ast-hfb-above-header-display":"","ast-hfb-below-header-display":"","ast-hfb-mobile-header-display":"","site-post-title":"disabled","ast-breadcrumbs-content":"","ast-featured-img":"disabled","footer-sml-layout":"","theme-transparent-header-meta":"enabled","adv-header-id-meta":"","stick-header-meta":"","header-above-stick-meta":"","header-main-stick-meta":"","header-below-stick-meta":"","astra-migrate-meta-layouts":"set","ast-page-background-enabled":"default","ast-page-background-meta":{"desktop":{"background-color":"var(--ast-global-color-4)","background-image":"","background-repeat":"repeat","background-position":"center center","background-size":"auto","background-attachment":"scroll","background-type":"","background-media":"","overlay-type":"","overlay-color":"","overlay-opacity":"","overlay-gradient":""},"tablet":{"background-color":"","background-image":"","background-repeat":"repeat","background-position":"center center","background-size":"auto","background-attachment":"scroll","background-type":"","background-media":"","overlay-type":"","overlay-color":"","overlay-opacity":"","overlay-gradient":""},"mobile":{"background-color":"","background-image":"","background-repeat":"repeat","background-position":"center center","background-size":"auto","background-attachment":"scroll","background-type":"","background-media":"","overlay-type":"","overlay-color":"","overlay-opacity":"","overlay-gradient":""}},"ast-content-background-meta":{"desktop":{"background-color":"var(--ast-global-color-5)","background-image":"","background-repeat":"repeat","background-position":"center center","background-size":"auto","background-attachment":"scroll","background-type":"","background-media":"","overlay-type":"","overlay-color":"","overlay-opacity":"","overlay-gradient":""},"tablet":{"background-color":"var(--ast-global-color-5)","background-image":"","background-repeat":"repeat","background-position":"center center","background-size":"auto","background-attachment":"scroll","background-type":"","background-media":"","overlay-type":"","overlay-color":"","overlay-opacity":"","overlay-gradient":""},"mobile":{"background-color":"var(--ast-global-color-5)","background-image":"","background-repeat":"repeat","background-position":"center center","background-size":"auto","background-attachment":"scroll","background-type":"","background-media":"","overlay-type":"","overlay-color":"","overlay-opacity":"","overlay-gradient":""}},"footnotes":""},"class_list":["post-2146","page","type-page","status-publish","hentry"],"yoast_head":"<!-- This site is optimized with the Yoast SEO plugin v24.3 - https:\/\/yoast.com\/wordpress\/plugins\/seo\/ -->\r\n<title>Pol\u00edtica de cookies - HNZ Peluquer\u00eda Hermanos Nu\u00f1ez<\/title>\r\n<meta name=\"description\" content=\"Conoce la pol\u00edtica de cookies del sitio HNZ Peluqueros\" \/>\r\n<meta name=\"robots\" content=\"index, follow, max-snippet:-1, max-image-preview:large, max-video-preview:-1\" \/>\r\n<link rel=\"canonical\" href=\"https:\/\/hnzpeluqueros.es\/?page_id=2146\" \/>\r\n<meta property=\"og:locale\" content=\"es_ES\" \/>\r\n<meta property=\"og:type\" content=\"article\" \/>\r\n<meta property=\"og:title\" content=\"Pol\u00edtica de cookies - HNZ Peluquer\u00eda Hermanos Nu\u00f1ez\" \/>\r\n<meta property=\"og:description\" content=\"Conoce la pol\u00edtica de cookies del sitio HNZ Peluqueros\" \/>\r\n<meta property=\"og:url\" content=\"https:\/\/hnzpeluqueros.es\/?page_id=2146\" \/>\r\n<meta property=\"og:site_name\" content=\"HNZ Peluquer\u00eda Hermanos Nu\u00f1ez\" \/>\r\n<meta property=\"article:modified_time\" content=\"2025-01-30T11:23:26+00:00\" \/>\r\n<meta name=\"twitter:card\" content=\"summary_large_image\" \/>\r\n<meta name=\"twitter:label1\" content=\"Tiempo de lectura\" \/>\n\t<meta name=\"twitter:data1\" content=\"2 minutos\" \/>\r\n<script type=\"application\/ld+json\" class=\"yoast-schema-graph\">{\"@context\":\"https:\/\/schema.org\",\"@graph\":[{\"@type\":\"WebPage\",\"@id\":\"https:\/\/hnzpeluqueros.es\/?page_id=2146\",\"url\":\"https:\/\/hnzpeluqueros.es\/?page_id=2146\",\"name\":\"Pol\u00edtica de cookies - HNZ Peluquer\u00eda Hermanos Nu\u00f1ez\",\"isPartOf\":{\"@id\":\"https:\/\/hnzpeluqueros.es\/#website\"},\"datePublished\":\"2025-01-27T12:42:11+00:00\",\"dateModified\":\"2025-01-30T11:23:26+00:00\",\"description\":\"Conoce la pol\u00edtica de cookies del sitio HNZ Peluqueros\",\"breadcrumb\":{\"@id\":\"https:\/\/hnzpeluqueros.es\/?page_id=2146#breadcrumb\"},\"inLanguage\":\"es\",\"potentialAction\":[{\"@type\":\"ReadAction\",\"target\":[\"https:\/\/hnzpeluqueros.es\/?page_id=2146\"]}]},{\"@type\":\"BreadcrumbList\",\"@id\":\"https:\/\/hnzpeluqueros.es\/?page_id=2146#breadcrumb\",\"itemListElement\":[{\"@type\":\"ListItem\",\"position\":1,\"name\":\"Portada\",\"item\":\"https:\/\/hnzpeluqueros.es\/\"},{\"@type\":\"ListItem\",\"position\":2,\"name\":\"Pol\u00edtica de cookies\"}]},{\"@type\":\"WebSite\",\"@id\":\"https:\/\/hnzpeluqueros.es\/#website\",\"url\":\"https:\/\/hnzpeluqueros.es\/\",\"name\":\"HNZ Peluquer\u00eda Hermanos Nu\u00f1ez\",\"description\":\"\",\"publisher\":{\"@id\":\"https:\/\/hnzpeluqueros.es\/#organization\"},\"potentialAction\":[{\"@type\":\"SearchAction\",\"target\":{\"@type\":\"EntryPoint\",\"urlTemplate\":\"https:\/\/hnzpeluqueros.es\/?s={search_term_string}\"},\"query-input\":{\"@type\":\"PropertyValueSpecification\",\"valueRequired\":true,\"valueName\":\"search_term_string\"}}],\"inLanguage\":\"es\"},{\"@type\":\"Organization\",\"@id\":\"https:\/\/hnzpeluqueros.es\/#organization\",\"name\":\"HNZ Peluquer\u00eda Hermanos Nu\u00f1ez\",\"url\":\"https:\/\/hnzpeluqueros.es\/\",\"logo\":{\"@type\":\"ImageObject\",\"inLanguage\":\"es\",\"@id\":\"https:\/\/hnzpeluqueros.es\/#\/schema\/logo\/image\/\",\"url\":\"https:\/\/hnzpeluqueros.es\/wp-content\/uploads\/2024\/11\/logohnz.png\",\"contentUrl\":\"https:\/\/hnzpeluqueros.es\/wp-content\/uploads\/2024\/11\/logohnz.png\",\"width\":3355,\"height\":3400,\"caption\":\"HNZ Peluquer\u00eda Hermanos Nu\u00f1ez\"},\"image\":{\"@id\":\"https:\/\/hnzpeluqueros.es\/#\/schema\/logo\/image\/\"}}]}<\/script>\r\n<!-- \/ Yoast SEO plugin. -->","yoast_head_json":{"title":"Pol\u00edtica de cookies - HNZ Peluquer\u00eda Hermanos Nu\u00f1ez","description":"Conoce la pol\u00edtica de cookies del sitio HNZ Peluqueros","robots":{"index":"index","follow":"follow","max-snippet":"max-snippet:-1","max-image-preview":"max-image-preview:large","max-video-preview":"max-video-preview:-1"},"canonical":"https:\/\/hnzpeluqueros.es\/?page_id=2146","og_locale":"es_ES","og_type":"article","og_title":"Pol\u00edtica de cookies - HNZ Peluquer\u00eda Hermanos Nu\u00f1ez","og_description":"Conoce la pol\u00edtica de cookies del sitio HNZ Peluqueros","og_url":"https:\/\/hnzpeluqueros.es\/?page_id=2146","og_site_name":"HNZ Peluquer\u00eda Hermanos Nu\u00f1ez","article_modified_time":"2025-01-30T11:23:26+00:00","twitter_card":"summary_large_image","twitter_misc":{"Tiempo de lectura":"2 minutos"},"schema":{"@context":"https:\/\/schema.org","@graph":[{"@type":"WebPage","@id":"https:\/\/hnzpeluqueros.es\/?page_id=2146","url":"https:\/\/hnzpeluqueros.es\/?page_id=2146","name":"Pol\u00edtica de cookies - HNZ Peluquer\u00eda Hermanos Nu\u00f1ez","isPartOf":{"@id":"https:\/\/hnzpeluqueros.es\/#website"},"datePublished":"2025-01-27T12:42:11+00:00","dateModified":"2025-01-30T11:23:26+00:00","description":"Conoce la pol\u00edtica de cookies del sitio HNZ Peluqueros","breadcrumb":{"@id":"https:\/\/hnzpeluqueros.es\/?page_id=2146#breadcrumb"},"inLanguage":"es","potentialAction":[{"@type":"ReadAction","target":["https:\/\/hnzpeluqueros.es\/?page_id=2146"]}]},{"@type":"BreadcrumbList","@id":"https:\/\/hnzpeluqueros.es\/?page_id=2146#breadcrumb","itemListElement":[{"@type":"ListItem","position":1,"name":"Portada","item":"https:\/\/hnzpeluqueros.es\/"},{"@type":"ListItem","position":2,"name":"Pol\u00edtica de cookies"}]},{"@type":"WebSite","@id":"https:\/\/hnzpeluqueros.es\/#website","url":"https:\/\/hnzpeluqueros.es\/","name":"HNZ Peluquer\u00eda Hermanos Nu\u00f1ez","description":"","publisher":{"@id":"https:\/\/hnzpeluqueros.es\/#organization"},"potentialAction":[{"@type":"SearchAction","target":{"@type":"EntryPoint","urlTemplate":"https:\/\/hnzpeluqueros.es\/?s={search_term_string}"},"query-input":{"@type":"PropertyValueSpecification","valueRequired":true,"valueName":"search_term_string"}}],"inLanguage":"es"},{"@type":"Organization","@id":"https:\/\/hnzpeluqueros.es\/#organization","name":"HNZ Peluquer\u00eda Hermanos Nu\u00f1ez","url":"https:\/\/hnzpeluqueros.es\/","logo":{"@type":"ImageObject","inLanguage":"es","@id":"https:\/\/hnzpeluqueros.es\/#\/schema\/logo\/image\/","url":"https:\/\/hnzpeluqueros.es\/wp-content\/uploads\/2024\/11\/logohnz.png","contentUrl":"https:\/\/hnzpeluqueros.es\/wp-content\/uploads\/2024\/11\/logohnz.png","width":3355,"height":3400,"caption":"HNZ Peluquer\u00eda Hermanos Nu\u00f1ez"},"image":{"@id":"https:\/\/hnzpeluqueros.es\/#\/schema\/logo\/image\/"}}]}},"_links":{"self":[{"href":"https:\/\/hnzpeluqueros.es\/index.php?rest_route=\/wp\/v2\/pages\/2146","targetHints":{"allow":["GET"]}}],"collection":[{"href":"https:\/\/hnzpeluqueros.es\/index.php?rest_route=\/wp\/v2\/pages"}],"about":[{"href":"https:\/\/hnzpeluqueros.es\/index.php?rest_route=\/wp\/v2\/types\/page"}],"author":[{"embeddable":true,"href":"https:\/\/hnzpeluqueros.es\/index.php?rest_route=\/wp\/v2\/users\/1"}],"replies":[{"embeddable":true,"href":"https:\/\/hnzpeluqueros.es\/index.php?rest_route=%2Fwp%2Fv2%2Fcomments&post=2146"}],"version-history":[{"count":8,"href":"https:\/\/hnzpeluqueros.es\/index.php?rest_route=\/wp\/v2\/pages\/2146\/revisions"}],"predecessor-version":[{"id":2238,"href":"https:\/\/hnzpeluqueros.es\/index.php?rest_route=\/wp\/v2\/pages\/2146\/revisions\/2238"}],"wp:attachment":[{"href":"https:\/\/hnzpeluqueros.es\/index.php?rest_route=%2Fwp%2Fv2%2Fmedia&parent=2146"}],"curies":[{"name":"wp","href":"https:\/\/api.w.org\/{rel}","templated":true}]}}