{"id":2039,"date":"2025-01-27T12:42:11","date_gmt":"2025-01-27T12:42:11","guid":{"rendered":"https:\/\/hnzpeluqueros.es\/?page_id=2039"},"modified":"2025-01-30T11:22:38","modified_gmt":"2025-01-30T11:22:38","slug":"contacto","status":"publish","type":"page","link":"https:\/\/hnzpeluqueros.es\/?page_id=2039","title":{"rendered":"Contacto"},"content":{"rendered":"\t\t<div data-elementor-type=\"wp-page\" data-elementor-id=\"2039\" class=\"elementor elementor-2039\">\n\t\t\t\t<div class=\"elementor-element elementor-element-ad3f901 e-flex e-con-boxed e-con e-parent\" data-id=\"ad3f901\" data-element_type=\"container\" data-settings=\"{&quot;background_background&quot;:&quot;classic&quot;}\">\n\t\t\t\t\t<div class=\"e-con-inner\">\n\t\t\t\t<div class=\"elementor-element elementor-element-7d3f6f7 elementor-widget elementor-widget-heading\" data-id=\"7d3f6f7\" data-element_type=\"widget\" data-widget_type=\"heading.default\">\n\t\t\t\t<div class=\"elementor-widget-container\">\n\t\t\t\t\t<h2 class=\"elementor-heading-title elementor-size-default\">CONTACTO<\/h2>\t\t\t\t<\/div>\n\t\t\t\t<\/div>\n\t\t\t\t<div class=\"elementor-element elementor-element-60f44761 elementor-widget elementor-widget-heading\" data-id=\"60f44761\" data-element_type=\"widget\" data-widget_type=\"heading.default\">\n\t\t\t\t<div class=\"elementor-widget-container\">\n\t\t\t\t\t<h6 class=\"elementor-heading-title elementor-size-default\">Si tienes alguna duda, podr\u00e1s acercarte por nuestras barber\u00edas o ponerte en contacto en nuestros tel\u00e9fonos\n\n<\/h6>\t\t\t\t<\/div>\n\t\t\t\t<\/div>\n\t\t\t\t<div class=\"elementor-element elementor-element-bdc8142 elementor-widget-divider--view-line elementor-widget elementor-widget-divider\" data-id=\"bdc8142\" data-element_type=\"widget\" data-widget_type=\"divider.default\">\n\t\t\t\t<div class=\"elementor-widget-container\">\n\t\t\t\t\t\t\t<div class=\"elementor-divider\">\n\t\t\t<span class=\"elementor-divider-separator\">\n\t\t\t\t\t\t<\/span>\n\t\t<\/div>\n\t\t\t\t\t\t<\/div>\n\t\t\t\t<\/div>\n\t\t\t\t\t<\/div>\n\t\t\t\t<\/div>\n\t\t<div class=\"elementor-element elementor-element-b0c7c6a e-flex e-con-boxed e-con e-parent\" data-id=\"b0c7c6a\" data-element_type=\"container\" data-settings=\"{&quot;background_background&quot;:&quot;classic&quot;}\">\n\t\t\t\t\t<div class=\"e-con-inner\">\n\t\t<div class=\"elementor-element elementor-element-5753bac e-con-full e-flex e-con e-child\" data-id=\"5753bac\" data-element_type=\"container\">\n\t\t\t\t<div class=\"elementor-element elementor-element-43303da3 elementor-widget elementor-widget-heading\" data-id=\"43303da3\" data-element_type=\"widget\" data-widget_type=\"heading.default\">\n\t\t\t\t<div class=\"elementor-widget-container\">\n\t\t\t\t\t<h5 class=\"elementor-heading-title elementor-size-default\">HNZ Peluqueros\n\n\n<\/h5>\t\t\t\t<\/div>\n\t\t\t\t<\/div>\n\t\t\t\t<div class=\"elementor-element elementor-element-16817fdc elementor-widget elementor-widget-heading\" data-id=\"16817fdc\" data-element_type=\"widget\" data-widget_type=\"heading.default\">\n\t\t\t\t<div class=\"elementor-widget-container\">\n\t\t\t\t\t<h6 class=\"elementor-heading-title elementor-size-default\">Av. Federico Molina 45, 21006 Huelva\n\n<\/h6>\t\t\t\t<\/div>\n\t\t\t\t<\/div>\n\t\t\t\t<div class=\"elementor-element elementor-element-6cdb2d41 elementor-widget elementor-widget-heading\" data-id=\"6cdb2d41\" data-element_type=\"widget\" data-widget_type=\"heading.default\">\n\t\t\t\t<div class=\"elementor-widget-container\">\n\t\t\t\t\t<h6 class=\"elementor-heading-title elementor-size-default\">959229704\n\n<\/h6>\t\t\t\t<\/div>\n\t\t\t\t<\/div>\n\t\t\t\t<div class=\"elementor-element elementor-element-ced1d29 elementor-widget elementor-widget-google_maps\" data-id=\"ced1d29\" data-element_type=\"widget\" data-widget_type=\"google_maps.default\">\n\t\t\t\t<div class=\"elementor-widget-container\">\n\t\t\t\t\t\t\t<div class=\"elementor-custom-embed\">\n\t\t\t<iframe loading=\"lazy\"\n\t\t\t\t\tsrc=\"https:\/\/maps.google.com\/maps?q=Av.%20Federico%20Molina%2045%2C%2021006%20Huelva&#038;t=m&#038;z=16&#038;output=embed&#038;iwloc=near\"\n\t\t\t\t\ttitle=\"Av. Federico Molina 45, 21006 Huelva\"\n\t\t\t\t\taria-label=\"Av. Federico Molina 45, 21006 Huelva\"\n\t\t\t><\/iframe>\n\t\t<\/div>\n\t\t\t\t\t\t<\/div>\n\t\t\t\t<\/div>\n\t\t\t\t<\/div>\n\t\t<div class=\"elementor-element elementor-element-ae46e5f e-con-full e-flex e-con e-child\" data-id=\"ae46e5f\" data-element_type=\"container\">\n\t\t\t\t<div class=\"elementor-element elementor-element-75e29da6 elementor-widget elementor-widget-heading\" data-id=\"75e29da6\" data-element_type=\"widget\" data-widget_type=\"heading.default\">\n\t\t\t\t<div class=\"elementor-widget-container\">\n\t\t\t\t\t<h5 class=\"elementor-heading-title elementor-size-default\">Barber 77\n\n<\/h5>\t\t\t\t<\/div>\n\t\t\t\t<\/div>\n\t\t\t\t<div class=\"elementor-element elementor-element-15b32e41 elementor-widget elementor-widget-heading\" data-id=\"15b32e41\" data-element_type=\"widget\" data-widget_type=\"heading.default\">\n\t\t\t\t<div class=\"elementor-widget-container\">\n\t\t\t\t\t<h6 class=\"elementor-heading-title elementor-size-default\">Calle Padre Jes\u00fas De La Pasi\u00f3n 2, 21004 Huelva<\/h6>\t\t\t\t<\/div>\n\t\t\t\t<\/div>\n\t\t\t\t<div class=\"elementor-element elementor-element-39fd3175 elementor-widget elementor-widget-heading\" data-id=\"39fd3175\" data-element_type=\"widget\" data-widget_type=\"heading.default\">\n\t\t\t\t<div class=\"elementor-widget-container\">\n\t\t\t\t\t<h6 class=\"elementor-heading-title elementor-size-default\">605834162\n<\/h6>\t\t\t\t<\/div>\n\t\t\t\t<\/div>\n\t\t\t\t<div class=\"elementor-element elementor-element-bf4d070 elementor-widget elementor-widget-google_maps\" data-id=\"bf4d070\" data-element_type=\"widget\" data-widget_type=\"google_maps.default\">\n\t\t\t\t<div class=\"elementor-widget-container\">\n\t\t\t\t\t\t\t<div class=\"elementor-custom-embed\">\n\t\t\t<iframe loading=\"lazy\"\n\t\t\t\t\tsrc=\"https:\/\/maps.google.com\/maps?q=Calle%20Padre%20Jes%C3%BAs%20De%20La%20Pasi%C3%B3n%202%2C%2021004%20Huelva&#038;t=m&#038;z=16&#038;output=embed&#038;iwloc=near\"\n\t\t\t\t\ttitle=\"Calle Padre Jes\u00fas De La Pasi\u00f3n 2, 21004 Huelva\"\n\t\t\t\t\taria-label=\"Calle Padre Jes\u00fas De La Pasi\u00f3n 2, 21004 Huelva\"\n\t\t\t><\/iframe>\n\t\t<\/div>\n\t\t\t\t\t\t<\/div>\n\t\t\t\t<\/div>\n\t\t\t\t<\/div>\n\t\t\t\t\t<\/div>\n\t\t\t\t<\/div>\n\t\t\t\t<\/div>\n\t\t","protected":false},"excerpt":{"rendered":"<p>CONTACTO Si tienes alguna duda, podr\u00e1s acercarte por nuestras barber\u00edas o ponerte en contacto en nuestros tel\u00e9fonos HNZ Peluqueros Av. Federico Molina 45, 21006 Huelva 959229704 Barber 77 Calle Padre Jes\u00fas De La Pasi\u00f3n 2, 21004 Huelva 605834162<\/p>\n","protected":false},"author":1,"featured_media":0,"parent":0,"menu_order":0,"comment_status":"closed","ping_status":"closed","template":"","meta":{"site-sidebar-layout":"no-sidebar","site-content-layout":"page-builder","ast-site-content-layout":"full-width-container","site-content-style":"unboxed","site-sidebar-style":"unboxed","ast-global-header-display":"","ast-banner-title-visibility":"","ast-main-header-display":"","ast-hfb-above-header-display":"","ast-hfb-below-header-display":"","ast-hfb-mobile-header-display":"","site-post-title":"disabled","ast-breadcrumbs-content":"","ast-featured-img":"disabled","footer-sml-layout":"","theme-transparent-header-meta":"enabled","adv-header-id-meta":"","stick-header-meta":"","header-above-stick-meta":"","header-main-stick-meta":"","header-below-stick-meta":"","astra-migrate-meta-layouts":"set","ast-page-background-enabled":"default","ast-page-background-meta":{"desktop":{"background-color":"var(--ast-global-color-4)","background-image":"","background-repeat":"repeat","background-position":"center center","background-size":"auto","background-attachment":"scroll","background-type":"","background-media":"","overlay-type":"","overlay-color":"","overlay-opacity":"","overlay-gradient":""},"tablet":{"background-color":"","background-image":"","background-repeat":"repeat","background-position":"center center","background-size":"auto","background-attachment":"scroll","background-type":"","background-media":"","overlay-type":"","overlay-color":"","overlay-opacity":"","overlay-gradient":""},"mobile":{"background-color":"","background-image":"","background-repeat":"repeat","background-position":"center center","background-size":"auto","background-attachment":"scroll","background-type":"","background-media":"","overlay-type":"","overlay-color":"","overlay-opacity":"","overlay-gradient":""}},"ast-content-background-meta":{"desktop":{"background-color":"var(--ast-global-color-5)","background-image":"","background-repeat":"repeat","background-position":"center center","background-size":"auto","background-attachment":"scroll","background-type":"","background-media":"","overlay-type":"","overlay-color":"","overlay-opacity":"","overlay-gradient":""},"tablet":{"background-color":"var(--ast-global-color-5)","background-image":"","background-repeat":"repeat","background-position":"center center","background-size":"auto","background-attachment":"scroll","background-type":"","background-media":"","overlay-type":"","overlay-color":"","overlay-opacity":"","overlay-gradient":""},"mobile":{"background-color":"var(--ast-global-color-5)","background-image":"","background-repeat":"repeat","background-position":"center center","background-size":"auto","background-attachment":"scroll","background-type":"","background-media":"","overlay-type":"","overlay-color":"","overlay-opacity":"","overlay-gradient":""}},"footnotes":""},"class_list":["post-2039","page","type-page","status-publish","hentry"],"yoast_head":"<!-- This site is optimized with the Yoast SEO plugin v24.3 - https:\/\/yoast.com\/wordpress\/plugins\/seo\/ -->\r\n<title>Contacto - HNZ Peluquer\u00eda Hermanos Nu\u00f1ez<\/title>\r\n<meta name=\"description\" content=\"Contacta con nosotros si tienes cualquier duda o quieres localizarnos\" \/>\r\n<meta name=\"robots\" content=\"index, follow, max-snippet:-1, max-image-preview:large, max-video-preview:-1\" \/>\r\n<link rel=\"canonical\" href=\"https:\/\/hnzpeluqueros.es\/?page_id=2039\" \/>\r\n<meta property=\"og:locale\" content=\"es_ES\" \/>\r\n<meta property=\"og:type\" content=\"article\" \/>\r\n<meta property=\"og:title\" content=\"Contacto - HNZ Peluquer\u00eda Hermanos Nu\u00f1ez\" \/>\r\n<meta property=\"og:description\" content=\"Contacta con nosotros si tienes cualquier duda o quieres localizarnos\" \/>\r\n<meta property=\"og:url\" content=\"https:\/\/hnzpeluqueros.es\/?page_id=2039\" \/>\r\n<meta property=\"og:site_name\" content=\"HNZ Peluquer\u00eda Hermanos Nu\u00f1ez\" \/>\r\n<meta property=\"article:modified_time\" content=\"2025-01-30T11:22:38+00:00\" \/>\r\n<meta name=\"twitter:card\" content=\"summary_large_image\" \/>\r\n<meta name=\"twitter:label1\" content=\"Tiempo de lectura\" \/>\n\t<meta name=\"twitter:data1\" content=\"1 minuto\" \/>\r\n<script type=\"application\/ld+json\" class=\"yoast-schema-graph\">{\"@context\":\"https:\/\/schema.org\",\"@graph\":[{\"@type\":\"WebPage\",\"@id\":\"https:\/\/hnzpeluqueros.es\/?page_id=2039\",\"url\":\"https:\/\/hnzpeluqueros.es\/?page_id=2039\",\"name\":\"Contacto - HNZ Peluquer\u00eda Hermanos Nu\u00f1ez\",\"isPartOf\":{\"@id\":\"https:\/\/hnzpeluqueros.es\/#website\"},\"datePublished\":\"2025-01-27T12:42:11+00:00\",\"dateModified\":\"2025-01-30T11:22:38+00:00\",\"description\":\"Contacta con nosotros si tienes cualquier duda o quieres localizarnos\",\"breadcrumb\":{\"@id\":\"https:\/\/hnzpeluqueros.es\/?page_id=2039#breadcrumb\"},\"inLanguage\":\"es\",\"potentialAction\":[{\"@type\":\"ReadAction\",\"target\":[\"https:\/\/hnzpeluqueros.es\/?page_id=2039\"]}]},{\"@type\":\"BreadcrumbList\",\"@id\":\"https:\/\/hnzpeluqueros.es\/?page_id=2039#breadcrumb\",\"itemListElement\":[{\"@type\":\"ListItem\",\"position\":1,\"name\":\"Portada\",\"item\":\"https:\/\/hnzpeluqueros.es\/\"},{\"@type\":\"ListItem\",\"position\":2,\"name\":\"Contacto\"}]},{\"@type\":\"WebSite\",\"@id\":\"https:\/\/hnzpeluqueros.es\/#website\",\"url\":\"https:\/\/hnzpeluqueros.es\/\",\"name\":\"HNZ Peluquer\u00eda Hermanos Nu\u00f1ez\",\"description\":\"\",\"publisher\":{\"@id\":\"https:\/\/hnzpeluqueros.es\/#organization\"},\"potentialAction\":[{\"@type\":\"SearchAction\",\"target\":{\"@type\":\"EntryPoint\",\"urlTemplate\":\"https:\/\/hnzpeluqueros.es\/?s={search_term_string}\"},\"query-input\":{\"@type\":\"PropertyValueSpecification\",\"valueRequired\":true,\"valueName\":\"search_term_string\"}}],\"inLanguage\":\"es\"},{\"@type\":\"Organization\",\"@id\":\"https:\/\/hnzpeluqueros.es\/#organization\",\"name\":\"HNZ Peluquer\u00eda Hermanos Nu\u00f1ez\",\"url\":\"https:\/\/hnzpeluqueros.es\/\",\"logo\":{\"@type\":\"ImageObject\",\"inLanguage\":\"es\",\"@id\":\"https:\/\/hnzpeluqueros.es\/#\/schema\/logo\/image\/\",\"url\":\"https:\/\/hnzpeluqueros.es\/wp-content\/uploads\/2024\/11\/logohnz.png\",\"contentUrl\":\"https:\/\/hnzpeluqueros.es\/wp-content\/uploads\/2024\/11\/logohnz.png\",\"width\":3355,\"height\":3400,\"caption\":\"HNZ Peluquer\u00eda Hermanos Nu\u00f1ez\"},\"image\":{\"@id\":\"https:\/\/hnzpeluqueros.es\/#\/schema\/logo\/image\/\"}}]}<\/script>\r\n<!-- \/ Yoast SEO plugin. -->","yoast_head_json":{"title":"Contacto - HNZ Peluquer\u00eda Hermanos Nu\u00f1ez","description":"Contacta con nosotros si tienes cualquier duda o quieres localizarnos","robots":{"index":"index","follow":"follow","max-snippet":"max-snippet:-1","max-image-preview":"max-image-preview:large","max-video-preview":"max-video-preview:-1"},"canonical":"https:\/\/hnzpeluqueros.es\/?page_id=2039","og_locale":"es_ES","og_type":"article","og_title":"Contacto - HNZ Peluquer\u00eda Hermanos Nu\u00f1ez","og_description":"Contacta con nosotros si tienes cualquier duda o quieres localizarnos","og_url":"https:\/\/hnzpeluqueros.es\/?page_id=2039","og_site_name":"HNZ Peluquer\u00eda Hermanos Nu\u00f1ez","article_modified_time":"2025-01-30T11:22:38+00:00","twitter_card":"summary_large_image","twitter_misc":{"Tiempo de lectura":"1 minuto"},"schema":{"@context":"https:\/\/schema.org","@graph":[{"@type":"WebPage","@id":"https:\/\/hnzpeluqueros.es\/?page_id=2039","url":"https:\/\/hnzpeluqueros.es\/?page_id=2039","name":"Contacto - HNZ Peluquer\u00eda Hermanos Nu\u00f1ez","isPartOf":{"@id":"https:\/\/hnzpeluqueros.es\/#website"},"datePublished":"2025-01-27T12:42:11+00:00","dateModified":"2025-01-30T11:22:38+00:00","description":"Contacta con nosotros si tienes cualquier duda o quieres localizarnos","breadcrumb":{"@id":"https:\/\/hnzpeluqueros.es\/?page_id=2039#breadcrumb"},"inLanguage":"es","potentialAction":[{"@type":"ReadAction","target":["https:\/\/hnzpeluqueros.es\/?page_id=2039"]}]},{"@type":"BreadcrumbList","@id":"https:\/\/hnzpeluqueros.es\/?page_id=2039#breadcrumb","itemListElement":[{"@type":"ListItem","position":1,"name":"Portada","item":"https:\/\/hnzpeluqueros.es\/"},{"@type":"ListItem","position":2,"name":"Contacto"}]},{"@type":"WebSite","@id":"https:\/\/hnzpeluqueros.es\/#website","url":"https:\/\/hnzpeluqueros.es\/","name":"HNZ Peluquer\u00eda Hermanos Nu\u00f1ez","description":"","publisher":{"@id":"https:\/\/hnzpeluqueros.es\/#organization"},"potentialAction":[{"@type":"SearchAction","target":{"@type":"EntryPoint","urlTemplate":"https:\/\/hnzpeluqueros.es\/?s={search_term_string}"},"query-input":{"@type":"PropertyValueSpecification","valueRequired":true,"valueName":"search_term_string"}}],"inLanguage":"es"},{"@type":"Organization","@id":"https:\/\/hnzpeluqueros.es\/#organization","name":"HNZ Peluquer\u00eda Hermanos Nu\u00f1ez","url":"https:\/\/hnzpeluqueros.es\/","logo":{"@type":"ImageObject","inLanguage":"es","@id":"https:\/\/hnzpeluqueros.es\/#\/schema\/logo\/image\/","url":"https:\/\/hnzpeluqueros.es\/wp-content\/uploads\/2024\/11\/logohnz.png","contentUrl":"https:\/\/hnzpeluqueros.es\/wp-content\/uploads\/2024\/11\/logohnz.png","width":3355,"height":3400,"caption":"HNZ Peluquer\u00eda Hermanos Nu\u00f1ez"},"image":{"@id":"https:\/\/hnzpeluqueros.es\/#\/schema\/logo\/image\/"}}]}},"_links":{"self":[{"href":"https:\/\/hnzpeluqueros.es\/index.php?rest_route=\/wp\/v2\/pages\/2039","targetHints":{"allow":["GET"]}}],"collection":[{"href":"https:\/\/hnzpeluqueros.es\/index.php?rest_route=\/wp\/v2\/pages"}],"about":[{"href":"https:\/\/hnzpeluqueros.es\/index.php?rest_route=\/wp\/v2\/types\/page"}],"author":[{"embeddable":true,"href":"https:\/\/hnzpeluqueros.es\/index.php?rest_route=\/wp\/v2\/users\/1"}],"replies":[{"embeddable":true,"href":"https:\/\/hnzpeluqueros.es\/index.php?rest_route=%2Fwp%2Fv2%2Fcomments&post=2039"}],"version-history":[{"count":19,"href":"https:\/\/hnzpeluqueros.es\/index.php?rest_route=\/wp\/v2\/pages\/2039\/revisions"}],"predecessor-version":[{"id":2232,"href":"https:\/\/hnzpeluqueros.es\/index.php?rest_route=\/wp\/v2\/pages\/2039\/revisions\/2232"}],"wp:attachment":[{"href":"https:\/\/hnzpeluqueros.es\/index.php?rest_route=%2Fwp%2Fv2%2Fmedia&parent=2039"}],"curies":[{"name":"wp","href":"https:\/\/api.w.org\/{rel}","templated":true}]}}