{"id":2016,"date":"2025-01-27T12:42:11","date_gmt":"2025-01-27T12:42:11","guid":{"rendered":"https:\/\/hnzpeluqueros.es\/?page_id=2016"},"modified":"2025-01-30T12:33:06","modified_gmt":"2025-01-30T12:33:06","slug":"barberos","status":"publish","type":"page","link":"https:\/\/hnzpeluqueros.es\/?page_id=2016","title":{"rendered":"Barberos"},"content":{"rendered":"\t\t<div data-elementor-type=\"wp-page\" data-elementor-id=\"2016\" class=\"elementor elementor-2016\">\n\t\t\t\t<div class=\"elementor-element elementor-element-ad3f901 e-flex e-con-boxed e-con e-parent\" data-id=\"ad3f901\" data-element_type=\"container\" data-settings=\"{&quot;background_background&quot;:&quot;classic&quot;}\">\n\t\t\t\t\t<div class=\"e-con-inner\">\n\t\t\t\t<div class=\"elementor-element elementor-element-7d3f6f7 elementor-widget elementor-widget-heading\" data-id=\"7d3f6f7\" data-element_type=\"widget\" data-widget_type=\"heading.default\">\n\t\t\t\t<div class=\"elementor-widget-container\">\n\t\t\t\t\t<h2 class=\"elementor-heading-title elementor-size-default\">EL EQUIPO<\/h2>\t\t\t\t<\/div>\n\t\t\t\t<\/div>\n\t\t\t\t<div class=\"elementor-element elementor-element-60f44761 elementor-widget elementor-widget-heading\" data-id=\"60f44761\" data-element_type=\"widget\" data-widget_type=\"heading.default\">\n\t\t\t\t<div class=\"elementor-widget-container\">\n\t\t\t\t\t<h6 class=\"elementor-heading-title elementor-size-default\">Amamos lo que hacemos. Todos\nnuestros profesionales tienen amplia experiencia en la barber\u00eda.\n\n<\/h6>\t\t\t\t<\/div>\n\t\t\t\t<\/div>\n\t\t\t\t<div class=\"elementor-element elementor-element-bdc8142 elementor-widget-divider--view-line elementor-widget elementor-widget-divider\" data-id=\"bdc8142\" data-element_type=\"widget\" data-widget_type=\"divider.default\">\n\t\t\t\t<div class=\"elementor-widget-container\">\n\t\t\t\t\t\t\t<div class=\"elementor-divider\">\n\t\t\t<span class=\"elementor-divider-separator\">\n\t\t\t\t\t\t<\/span>\n\t\t<\/div>\n\t\t\t\t\t\t<\/div>\n\t\t\t\t<\/div>\n\t\t\t\t\t<\/div>\n\t\t\t\t<\/div>\n\t\t<div class=\"elementor-element elementor-element-0ac0743 e-flex e-con-boxed e-con e-parent\" data-id=\"0ac0743\" data-element_type=\"container\" data-settings=\"{&quot;background_background&quot;:&quot;classic&quot;}\">\n\t\t\t\t\t<div class=\"e-con-inner\">\n\t\t<div class=\"elementor-element elementor-element-302297e e-con-full e-flex e-con e-child\" data-id=\"302297e\" data-element_type=\"container\">\n\t\t\t\t<div class=\"elementor-element elementor-element-6bbc15a1 elementor-position-top elementor-widget elementor-widget-image-box\" data-id=\"6bbc15a1\" data-element_type=\"widget\" data-widget_type=\"image-box.default\">\n\t\t\t\t<div class=\"elementor-widget-container\">\n\t\t\t\t\t<div class=\"elementor-image-box-wrapper\"><figure class=\"elementor-image-box-img\"><img fetchpriority=\"high\" decoding=\"async\" width=\"900\" height=\"2000\" src=\"https:\/\/hnzpeluqueros.es\/wp-content\/uploads\/2025\/01\/1n.png\" class=\"attachment-full size-full wp-image-1088\" alt=\"\" \/><\/figure><div class=\"elementor-image-box-content\"><h4 class=\"elementor-image-box-title\">Miguel<\/h4><\/div><\/div>\t\t\t\t<\/div>\n\t\t\t\t<\/div>\n\t\t\t\t<div class=\"elementor-element elementor-element-1bbb4724 elementor-position-top elementor-widget elementor-widget-image-box\" data-id=\"1bbb4724\" data-element_type=\"widget\" data-widget_type=\"image-box.default\">\n\t\t\t\t<div class=\"elementor-widget-container\">\n\t\t\t\t\t<div class=\"elementor-image-box-wrapper\"><figure class=\"elementor-image-box-img\"><img decoding=\"async\" width=\"900\" height=\"2000\" src=\"https:\/\/hnzpeluqueros.es\/wp-content\/uploads\/2025\/01\/m.jpg\" class=\"attachment-full size-full wp-image-1140\" alt=\"\" \/><\/figure><div class=\"elementor-image-box-content\"><h4 class=\"elementor-image-box-title\">Jonathan<\/h4><\/div><\/div>\t\t\t\t<\/div>\n\t\t\t\t<\/div>\n\t\t\t\t<\/div>\n\t\t<div class=\"elementor-element elementor-element-b4f0128 e-con-full e-flex e-con e-child\" data-id=\"b4f0128\" data-element_type=\"container\">\n\t\t\t\t<div class=\"elementor-element elementor-element-4517b001 elementor-position-top elementor-widget elementor-widget-image-box\" data-id=\"4517b001\" data-element_type=\"widget\" data-widget_type=\"image-box.default\">\n\t\t\t\t<div class=\"elementor-widget-container\">\n\t\t\t\t\t<div class=\"elementor-image-box-wrapper\"><figure class=\"elementor-image-box-img\"><img decoding=\"async\" width=\"900\" height=\"2000\" src=\"https:\/\/hnzpeluqueros.es\/wp-content\/uploads\/2025\/01\/x.jpg\" class=\"attachment-full size-full wp-image-1145\" alt=\"\" \/><\/figure><div class=\"elementor-image-box-content\"><h4 class=\"elementor-image-box-title\">Antonio<\/h4><\/div><\/div>\t\t\t\t<\/div>\n\t\t\t\t<\/div>\n\t\t\t\t<div class=\"elementor-element elementor-element-50b9b98f elementor-position-top elementor-widget elementor-widget-image-box\" data-id=\"50b9b98f\" data-element_type=\"widget\" data-widget_type=\"image-box.default\">\n\t\t\t\t<div class=\"elementor-widget-container\">\n\t\t\t\t\t<div class=\"elementor-image-box-wrapper\"><figure class=\"elementor-image-box-img\"><img loading=\"lazy\" decoding=\"async\" width=\"900\" height=\"2000\" src=\"https:\/\/hnzpeluqueros.es\/wp-content\/uploads\/2025\/01\/t.jpg\" class=\"attachment-full size-full wp-image-1135\" alt=\"\" \/><\/figure><div class=\"elementor-image-box-content\"><h4 class=\"elementor-image-box-title\">Teo<\/h4><\/div><\/div>\t\t\t\t<\/div>\n\t\t\t\t<\/div>\n\t\t\t\t<\/div>\n\t\t<div class=\"elementor-element elementor-element-eb44d51 e-con-full e-flex e-con e-child\" data-id=\"eb44d51\" data-element_type=\"container\">\n\t\t\t\t<div class=\"elementor-element elementor-element-413d741a elementor-position-top elementor-widget elementor-widget-image-box\" data-id=\"413d741a\" data-element_type=\"widget\" data-widget_type=\"image-box.default\">\n\t\t\t\t<div class=\"elementor-widget-container\">\n\t\t\t\t\t<div class=\"elementor-image-box-wrapper\"><figure class=\"elementor-image-box-img\"><img loading=\"lazy\" decoding=\"async\" width=\"900\" height=\"2000\" src=\"https:\/\/hnzpeluqueros.es\/wp-content\/uploads\/2025\/01\/w.jpg\" class=\"attachment-full size-full wp-image-1153\" alt=\"\" \/><\/figure><div class=\"elementor-image-box-content\"><h4 class=\"elementor-image-box-title\">Daniel<\/h4><\/div><\/div>\t\t\t\t<\/div>\n\t\t\t\t<\/div>\n\t\t\t\t<div class=\"elementor-element elementor-element-64a42d31 elementor-position-top elementor-widget elementor-widget-image-box\" data-id=\"64a42d31\" data-element_type=\"widget\" data-widget_type=\"image-box.default\">\n\t\t\t\t<div class=\"elementor-widget-container\">\n\t\t\t\t\t<div class=\"elementor-image-box-wrapper\"><figure class=\"elementor-image-box-img\"><img loading=\"lazy\" decoding=\"async\" width=\"900\" height=\"2000\" src=\"https:\/\/hnzpeluqueros.es\/wp-content\/uploads\/2025\/01\/FER.png\" class=\"attachment-full size-full wp-image-2000\" alt=\"\" \/><\/figure><div class=\"elementor-image-box-content\"><h4 class=\"elementor-image-box-title\">Fernando<\/h4><\/div><\/div>\t\t\t\t<\/div>\n\t\t\t\t<\/div>\n\t\t\t\t<\/div>\n\t\t<div class=\"elementor-element elementor-element-2555fe1 e-con-full e-flex e-con e-child\" data-id=\"2555fe1\" data-element_type=\"container\">\n\t\t\t\t<\/div>\n\t\t\t\t\t<\/div>\n\t\t\t\t<\/div>\n\t\t\t\t<\/div>\n\t\t","protected":false},"excerpt":{"rendered":"<p>EL EQUIPO Amamos lo que hacemos. Todos nuestros profesionales tienen amplia experiencia en la barber\u00eda. Miguel Jonathan Antonio Teo Daniel Fernando<\/p>\n","protected":false},"author":1,"featured_media":0,"parent":0,"menu_order":0,"comment_status":"closed","ping_status":"closed","template":"","meta":{"site-sidebar-layout":"no-sidebar","site-content-layout":"page-builder","ast-site-content-layout":"full-width-container","site-content-style":"unboxed","site-sidebar-style":"unboxed","ast-global-header-display":"","ast-banner-title-visibility":"","ast-main-header-display":"","ast-hfb-above-header-display":"","ast-hfb-below-header-display":"","ast-hfb-mobile-header-display":"","site-post-title":"disabled","ast-breadcrumbs-content":"","ast-featured-img":"disabled","footer-sml-layout":"","theme-transparent-header-meta":"enabled","adv-header-id-meta":"","stick-header-meta":"","header-above-stick-meta":"","header-main-stick-meta":"","header-below-stick-meta":"","astra-migrate-meta-layouts":"set","ast-page-background-enabled":"default","ast-page-background-meta":{"desktop":{"background-color":"var(--ast-global-color-4)","background-image":"","background-repeat":"repeat","background-position":"center center","background-size":"auto","background-attachment":"scroll","background-type":"","background-media":"","overlay-type":"","overlay-color":"","overlay-opacity":"","overlay-gradient":""},"tablet":{"background-color":"","background-image":"","background-repeat":"repeat","background-position":"center center","background-size":"auto","background-attachment":"scroll","background-type":"","background-media":"","overlay-type":"","overlay-color":"","overlay-opacity":"","overlay-gradient":""},"mobile":{"background-color":"","background-image":"","background-repeat":"repeat","background-position":"center center","background-size":"auto","background-attachment":"scroll","background-type":"","background-media":"","overlay-type":"","overlay-color":"","overlay-opacity":"","overlay-gradient":""}},"ast-content-background-meta":{"desktop":{"background-color":"var(--ast-global-color-5)","background-image":"","background-repeat":"repeat","background-position":"center center","background-size":"auto","background-attachment":"scroll","background-type":"","background-media":"","overlay-type":"","overlay-color":"","overlay-opacity":"","overlay-gradient":""},"tablet":{"background-color":"var(--ast-global-color-5)","background-image":"","background-repeat":"repeat","background-position":"center center","background-size":"auto","background-attachment":"scroll","background-type":"","background-media":"","overlay-type":"","overlay-color":"","overlay-opacity":"","overlay-gradient":""},"mobile":{"background-color":"var(--ast-global-color-5)","background-image":"","background-repeat":"repeat","background-position":"center center","background-size":"auto","background-attachment":"scroll","background-type":"","background-media":"","overlay-type":"","overlay-color":"","overlay-opacity":"","overlay-gradient":""}},"footnotes":""},"class_list":["post-2016","page","type-page","status-publish","hentry"],"yoast_head":"<!-- This site is optimized with the Yoast SEO plugin v24.3 - https:\/\/yoast.com\/wordpress\/plugins\/seo\/ -->\r\n<title>Barberos - HNZ Peluquer\u00eda Hermanos Nu\u00f1ez<\/title>\r\n<meta name=\"description\" content=\"Nuestros barberos tienen amplia experiencia en la barber\u00eda. Miguel, Antonio, Fernando, Daniel, Teo y Jonathan son expertos en ello.\" \/>\r\n<meta name=\"robots\" content=\"index, follow, max-snippet:-1, max-image-preview:large, max-video-preview:-1\" \/>\r\n<link rel=\"canonical\" href=\"https:\/\/hnzpeluqueros.es\/?page_id=2016\" \/>\r\n<meta property=\"og:locale\" content=\"es_ES\" \/>\r\n<meta property=\"og:type\" content=\"article\" \/>\r\n<meta property=\"og:title\" content=\"Barberos - HNZ Peluquer\u00eda Hermanos Nu\u00f1ez\" \/>\r\n<meta property=\"og:description\" content=\"Nuestros barberos tienen amplia experiencia en la barber\u00eda. Miguel, Antonio, Fernando, Daniel, Teo y Jonathan son expertos en ello.\" \/>\r\n<meta property=\"og:url\" content=\"https:\/\/hnzpeluqueros.es\/?page_id=2016\" \/>\r\n<meta property=\"og:site_name\" content=\"HNZ Peluquer\u00eda Hermanos Nu\u00f1ez\" \/>\r\n<meta property=\"article:modified_time\" content=\"2025-01-30T12:33:06+00:00\" \/>\r\n<meta property=\"og:image\" content=\"https:\/\/hnzpeluqueros.es\/wp-content\/uploads\/2025\/01\/1n.png\" \/>\r\n\t<meta property=\"og:image:width\" content=\"900\" \/>\r\n\t<meta property=\"og:image:height\" content=\"2000\" \/>\r\n\t<meta property=\"og:image:type\" content=\"image\/png\" \/>\r\n<meta name=\"twitter:card\" content=\"summary_large_image\" \/>\r\n<meta name=\"twitter:label1\" content=\"Tiempo de lectura\" \/>\n\t<meta name=\"twitter:data1\" content=\"2 minutos\" \/>\r\n<script type=\"application\/ld+json\" class=\"yoast-schema-graph\">{\"@context\":\"https:\/\/schema.org\",\"@graph\":[{\"@type\":\"WebPage\",\"@id\":\"https:\/\/hnzpeluqueros.es\/?page_id=2016\",\"url\":\"https:\/\/hnzpeluqueros.es\/?page_id=2016\",\"name\":\"Barberos - HNZ Peluquer\u00eda Hermanos Nu\u00f1ez\",\"isPartOf\":{\"@id\":\"https:\/\/hnzpeluqueros.es\/#website\"},\"primaryImageOfPage\":{\"@id\":\"https:\/\/hnzpeluqueros.es\/?page_id=2016#primaryimage\"},\"image\":{\"@id\":\"https:\/\/hnzpeluqueros.es\/?page_id=2016#primaryimage\"},\"thumbnailUrl\":\"https:\/\/hnzpeluqueros.es\/wp-content\/uploads\/2025\/01\/1n.png\",\"datePublished\":\"2025-01-27T12:42:11+00:00\",\"dateModified\":\"2025-01-30T12:33:06+00:00\",\"description\":\"Nuestros barberos tienen amplia experiencia en la barber\u00eda. Miguel, Antonio, Fernando, Daniel, Teo y Jonathan son expertos en ello.\",\"breadcrumb\":{\"@id\":\"https:\/\/hnzpeluqueros.es\/?page_id=2016#breadcrumb\"},\"inLanguage\":\"es\",\"potentialAction\":[{\"@type\":\"ReadAction\",\"target\":[\"https:\/\/hnzpeluqueros.es\/?page_id=2016\"]}]},{\"@type\":\"ImageObject\",\"inLanguage\":\"es\",\"@id\":\"https:\/\/hnzpeluqueros.es\/?page_id=2016#primaryimage\",\"url\":\"https:\/\/hnzpeluqueros.es\/wp-content\/uploads\/2025\/01\/1n.png\",\"contentUrl\":\"https:\/\/hnzpeluqueros.es\/wp-content\/uploads\/2025\/01\/1n.png\",\"width\":900,\"height\":2000},{\"@type\":\"BreadcrumbList\",\"@id\":\"https:\/\/hnzpeluqueros.es\/?page_id=2016#breadcrumb\",\"itemListElement\":[{\"@type\":\"ListItem\",\"position\":1,\"name\":\"Portada\",\"item\":\"https:\/\/hnzpeluqueros.es\/\"},{\"@type\":\"ListItem\",\"position\":2,\"name\":\"Barberos\"}]},{\"@type\":\"WebSite\",\"@id\":\"https:\/\/hnzpeluqueros.es\/#website\",\"url\":\"https:\/\/hnzpeluqueros.es\/\",\"name\":\"HNZ Peluquer\u00eda Hermanos Nu\u00f1ez\",\"description\":\"\",\"publisher\":{\"@id\":\"https:\/\/hnzpeluqueros.es\/#organization\"},\"potentialAction\":[{\"@type\":\"SearchAction\",\"target\":{\"@type\":\"EntryPoint\",\"urlTemplate\":\"https:\/\/hnzpeluqueros.es\/?s={search_term_string}\"},\"query-input\":{\"@type\":\"PropertyValueSpecification\",\"valueRequired\":true,\"valueName\":\"search_term_string\"}}],\"inLanguage\":\"es\"},{\"@type\":\"Organization\",\"@id\":\"https:\/\/hnzpeluqueros.es\/#organization\",\"name\":\"HNZ Peluquer\u00eda Hermanos Nu\u00f1ez\",\"url\":\"https:\/\/hnzpeluqueros.es\/\",\"logo\":{\"@type\":\"ImageObject\",\"inLanguage\":\"es\",\"@id\":\"https:\/\/hnzpeluqueros.es\/#\/schema\/logo\/image\/\",\"url\":\"https:\/\/hnzpeluqueros.es\/wp-content\/uploads\/2024\/11\/logohnz.png\",\"contentUrl\":\"https:\/\/hnzpeluqueros.es\/wp-content\/uploads\/2024\/11\/logohnz.png\",\"width\":3355,\"height\":3400,\"caption\":\"HNZ Peluquer\u00eda Hermanos Nu\u00f1ez\"},\"image\":{\"@id\":\"https:\/\/hnzpeluqueros.es\/#\/schema\/logo\/image\/\"}}]}<\/script>\r\n<!-- \/ Yoast SEO plugin. -->","yoast_head_json":{"title":"Barberos - HNZ Peluquer\u00eda Hermanos Nu\u00f1ez","description":"Nuestros barberos tienen amplia experiencia en la barber\u00eda. Miguel, Antonio, Fernando, Daniel, Teo y Jonathan son expertos en ello.","robots":{"index":"index","follow":"follow","max-snippet":"max-snippet:-1","max-image-preview":"max-image-preview:large","max-video-preview":"max-video-preview:-1"},"canonical":"https:\/\/hnzpeluqueros.es\/?page_id=2016","og_locale":"es_ES","og_type":"article","og_title":"Barberos - HNZ Peluquer\u00eda Hermanos Nu\u00f1ez","og_description":"Nuestros barberos tienen amplia experiencia en la barber\u00eda. Miguel, Antonio, Fernando, Daniel, Teo y Jonathan son expertos en ello.","og_url":"https:\/\/hnzpeluqueros.es\/?page_id=2016","og_site_name":"HNZ Peluquer\u00eda Hermanos Nu\u00f1ez","article_modified_time":"2025-01-30T12:33:06+00:00","og_image":[{"width":900,"height":2000,"url":"https:\/\/hnzpeluqueros.es\/wp-content\/uploads\/2025\/01\/1n.png","type":"image\/png"}],"twitter_card":"summary_large_image","twitter_misc":{"Tiempo de lectura":"2 minutos"},"schema":{"@context":"https:\/\/schema.org","@graph":[{"@type":"WebPage","@id":"https:\/\/hnzpeluqueros.es\/?page_id=2016","url":"https:\/\/hnzpeluqueros.es\/?page_id=2016","name":"Barberos - HNZ Peluquer\u00eda Hermanos Nu\u00f1ez","isPartOf":{"@id":"https:\/\/hnzpeluqueros.es\/#website"},"primaryImageOfPage":{"@id":"https:\/\/hnzpeluqueros.es\/?page_id=2016#primaryimage"},"image":{"@id":"https:\/\/hnzpeluqueros.es\/?page_id=2016#primaryimage"},"thumbnailUrl":"https:\/\/hnzpeluqueros.es\/wp-content\/uploads\/2025\/01\/1n.png","datePublished":"2025-01-27T12:42:11+00:00","dateModified":"2025-01-30T12:33:06+00:00","description":"Nuestros barberos tienen amplia experiencia en la barber\u00eda. Miguel, Antonio, Fernando, Daniel, Teo y Jonathan son expertos en ello.","breadcrumb":{"@id":"https:\/\/hnzpeluqueros.es\/?page_id=2016#breadcrumb"},"inLanguage":"es","potentialAction":[{"@type":"ReadAction","target":["https:\/\/hnzpeluqueros.es\/?page_id=2016"]}]},{"@type":"ImageObject","inLanguage":"es","@id":"https:\/\/hnzpeluqueros.es\/?page_id=2016#primaryimage","url":"https:\/\/hnzpeluqueros.es\/wp-content\/uploads\/2025\/01\/1n.png","contentUrl":"https:\/\/hnzpeluqueros.es\/wp-content\/uploads\/2025\/01\/1n.png","width":900,"height":2000},{"@type":"BreadcrumbList","@id":"https:\/\/hnzpeluqueros.es\/?page_id=2016#breadcrumb","itemListElement":[{"@type":"ListItem","position":1,"name":"Portada","item":"https:\/\/hnzpeluqueros.es\/"},{"@type":"ListItem","position":2,"name":"Barberos"}]},{"@type":"WebSite","@id":"https:\/\/hnzpeluqueros.es\/#website","url":"https:\/\/hnzpeluqueros.es\/","name":"HNZ Peluquer\u00eda Hermanos Nu\u00f1ez","description":"","publisher":{"@id":"https:\/\/hnzpeluqueros.es\/#organization"},"potentialAction":[{"@type":"SearchAction","target":{"@type":"EntryPoint","urlTemplate":"https:\/\/hnzpeluqueros.es\/?s={search_term_string}"},"query-input":{"@type":"PropertyValueSpecification","valueRequired":true,"valueName":"search_term_string"}}],"inLanguage":"es"},{"@type":"Organization","@id":"https:\/\/hnzpeluqueros.es\/#organization","name":"HNZ Peluquer\u00eda Hermanos Nu\u00f1ez","url":"https:\/\/hnzpeluqueros.es\/","logo":{"@type":"ImageObject","inLanguage":"es","@id":"https:\/\/hnzpeluqueros.es\/#\/schema\/logo\/image\/","url":"https:\/\/hnzpeluqueros.es\/wp-content\/uploads\/2024\/11\/logohnz.png","contentUrl":"https:\/\/hnzpeluqueros.es\/wp-content\/uploads\/2024\/11\/logohnz.png","width":3355,"height":3400,"caption":"HNZ Peluquer\u00eda Hermanos Nu\u00f1ez"},"image":{"@id":"https:\/\/hnzpeluqueros.es\/#\/schema\/logo\/image\/"}}]}},"_links":{"self":[{"href":"https:\/\/hnzpeluqueros.es\/index.php?rest_route=\/wp\/v2\/pages\/2016","targetHints":{"allow":["GET"]}}],"collection":[{"href":"https:\/\/hnzpeluqueros.es\/index.php?rest_route=\/wp\/v2\/pages"}],"about":[{"href":"https:\/\/hnzpeluqueros.es\/index.php?rest_route=\/wp\/v2\/types\/page"}],"author":[{"embeddable":true,"href":"https:\/\/hnzpeluqueros.es\/index.php?rest_route=\/wp\/v2\/users\/1"}],"replies":[{"embeddable":true,"href":"https:\/\/hnzpeluqueros.es\/index.php?rest_route=%2Fwp%2Fv2%2Fcomments&post=2016"}],"version-history":[{"count":28,"href":"https:\/\/hnzpeluqueros.es\/index.php?rest_route=\/wp\/v2\/pages\/2016\/revisions"}],"predecessor-version":[{"id":2256,"href":"https:\/\/hnzpeluqueros.es\/index.php?rest_route=\/wp\/v2\/pages\/2016\/revisions\/2256"}],"wp:attachment":[{"href":"https:\/\/hnzpeluqueros.es\/index.php?rest_route=%2Fwp%2Fv2%2Fmedia&parent=2016"}],"curies":[{"name":"wp","href":"https:\/\/api.w.org\/{rel}","templated":true}]}}